{"id":77,"date":"2009-12-21T19:20:42","date_gmt":"2009-12-21T18:20:42","guid":{"rendered":"http:\/\/association-lacblanc.org\/index.php\/mission\/"},"modified":"2021-11-13T15:20:07","modified_gmt":"2021-11-13T20:20:07","slug":"mission","status":"publish","type":"page","link":"https:\/\/association-lacblanc.org\/index.php\/mission\/","title":{"rendered":"Mission"},"content":{"rendered":"<h5><strong>NOTRE MISSION<\/strong><\/h5>\n<p><strong>Contribuer au maintien et \u00e0 l&rsquo;am\u00e9lioration de l&rsquo;environnement du lac Blanc, incluant la qualit\u00e9 de l&rsquo;eau, la protection des rives, les affluents et les terres humides environnantes et l\u2019am\u00e9nagement du territoire<\/strong>.<\/p>\n<h5>Plus particuli\u00e8rement, l&rsquo;Association poursuit les objectifs sp\u00e9cifiques suivants :<\/h5>\n<h5>1. Sensibiliser les membres sur les gestes de protection \u00e0 poser,<\/h5>\n<h5>2. Informer les membres sur tous sujets pertinents concernant le lac Blanc,<\/h5>\n<h5>3. Effectuer les d\u00e9marches qui s&rsquo;imposent aupr\u00e8s des organismes de tous les paliers d\u00e9cisionnels,<\/h5>\n<h5>4. Agir en concertation avec d&rsquo;autres organismes qui ont pour but la protection des lacs.<\/h5>\n","protected":false},"excerpt":{"rendered":"<p>NOTRE MISSION Contribuer au maintien et \u00e0 l&rsquo;am\u00e9lioration de l&rsquo;environnement du lac Blanc, incluant la qualit\u00e9 de l&rsquo;eau, la protection des rives, les affluents et les terres humides environnantes et l\u2019am\u00e9nagement du territoire. Plus particuli\u00e8rement, l&rsquo;Association poursuit les objectifs sp\u00e9cifiques suivants : 1. Sensibiliser les membres sur les gestes de protection \u00e0 poser, 2. Informer&hellip; <a class=\"more-link\" href=\"https:\/\/association-lacblanc.org\/index.php\/mission\/\">Poursuivre la lecture <span class=\"screen-reader-text\">Mission<\/span><\/a><\/p>\n","protected":false},"author":1,"featured_media":440,"parent":0,"menu_order":13,"comment_status":"closed","ping_status":"closed","template":"","meta":{"footnotes":""},"class_list":["post-77","page","type-page","status-publish","has-post-thumbnail","hentry","entry"],"_links":{"self":[{"href":"https:\/\/association-lacblanc.org\/index.php\/wp-json\/wp\/v2\/pages\/77","targetHints":{"allow":["GET"]}}],"collection":[{"href":"https:\/\/association-lacblanc.org\/index.php\/wp-json\/wp\/v2\/pages"}],"about":[{"href":"https:\/\/association-lacblanc.org\/index.php\/wp-json\/wp\/v2\/types\/page"}],"author":[{"embeddable":true,"href":"https:\/\/association-lacblanc.org\/index.php\/wp-json\/wp\/v2\/users\/1"}],"replies":[{"embeddable":true,"href":"https:\/\/association-lacblanc.org\/index.php\/wp-json\/wp\/v2\/comments?post=77"}],"version-history":[{"count":4,"href":"https:\/\/association-lacblanc.org\/index.php\/wp-json\/wp\/v2\/pages\/77\/revisions"}],"predecessor-version":[{"id":2296,"href":"https:\/\/association-lacblanc.org\/index.php\/wp-json\/wp\/v2\/pages\/77\/revisions\/2296"}],"wp:featuredmedia":[{"embeddable":true,"href":"https:\/\/association-lacblanc.org\/index.php\/wp-json\/wp\/v2\/media\/440"}],"wp:attachment":[{"href":"https:\/\/association-lacblanc.org\/index.php\/wp-json\/wp\/v2\/media?parent=77"}],"curies":[{"name":"wp","href":"https:\/\/api.w.org\/{rel}","templated":true}]}}