{"id":76,"date":"2009-12-21T19:20:09","date_gmt":"2009-12-21T18:20:09","guid":{"rendered":"http:\/\/association-lacblanc.org\/index.php\/nos-demarches\/"},"modified":"2009-12-21T19:20:09","modified_gmt":"2009-12-21T18:20:09","slug":"nos-demarches","status":"publish","type":"page","link":"https:\/\/association-lacblanc.org\/index.php\/nos-demarches\/","title":{"rendered":"Nos d\u00e9marches"},"content":{"rendered":"<p>Dans cet onglet vous retrouverez des informations concernant les d\u00e9marches entreprise par votre association.<br \/>\n<a href=\"http:\/\/association-lacblanc.org\/images\/stories\/pdf\/2014.04.028.pv.2-renc.municipalit.pdf\"><br \/>\n<\/a><a href=\"https:\/\/association-lacblanc.org\/\/wp-content\/uploads\/2017\/04\/2017-02-13-SurveyMonkey-Analyse-Preoccupations-des-riverains-du-Lac-Blanc.pdf\">2017-02-13 SurveyMonkey-Analyse-Pr\u00e9occupations des riverains du Lac Blanc<\/a><a href=\"http:\/\/association-lacblanc.org\/images\/stories\/pdf\/merci.jsm.pdf\"><br \/>\n<\/a><a href=\"https:\/\/association-lacblanc.org\/\/wp-content\/uploads\/2017\/06\/2016-08-21-RANDO-DES-RIVERAINS-.-Pub-video-camping-1.pdf\">2016-08-21 RANDO DES RIVERAINS . Pub video camping-1<\/a><a href=\"http:\/\/association-lacblanc.org\/images\/stories\/pdf\/merci.jsm.pdf\"><br \/>\n<\/a><a href=\"https:\/\/association-lacblanc.org\/\/wp-content\/uploads\/2017\/06\/2016-07-28-Etapes-proposees-pour-lelaboration-du-plan-densemble-dintervention.pdf\">2016-07-28 \u00c9tapes propos\u00e9es pour l&rsquo;\u00e9laboration du plan d&rsquo;ensemble d&rsquo;intervention<\/a><a href=\"http:\/\/association-lacblanc.org\/images\/stories\/pdf\/merci.jsm.pdf\"><br \/>\n<\/a><a href=\"http:\/\/association-lacblanc.org\/wp-content\/uploads\/2009\/12\/pdf_2016-06-01.cr.camping.pdf\">2016-06-01 R\u00e9sum\u00e9 de la rencontre avec le camping<\/a><a href=\"http:\/\/association-lacblanc.org\/images\/stories\/pdf\/merci.jsm.pdf\"><br \/>\n2015-08-19 Journ\u00e9e sans moteur merci aux participants<\/a><a href=\"http:\/\/association-lacblanc.org\/images\/stories\/pdf\/question.ident.nuisances.pdf\"><br \/>\n2015-05-21 \u00a0Questionnaire sur les identifications des nuisances au Lac Blanc<\/a><a href=\"http:\/\/association-lacblanc.org\/images\/stories\/pdf\/cr.capsa.4juillet.pdf\"><br \/>\n2014-08-04 Compte rendu Capsa visite Lac Blanc<\/a><a href=\"http:\/\/association-lacblanc.org\/images\/stories\/pdf\/2014.04.028.pv.2-renc.municipalit.pdf\"><br \/>\n2014-04-28 Proc\u00e8s-verbal de la rencontre avec la municipalit\u00e9<br \/>\n<\/a><a href=\"http:\/\/association-lacblanc.org\/images\/stories\/pdf\/2013-09-10.compte.rendu.rencontre.camping.pdf\">2013-09-10 Compte rendu rencontre Camping<br \/>\n<\/a><a href=\"http:\/\/association-lacblanc.org\/images\/stories\/pdf\/pv2013-04-22regl-embarcations2.pdf\">2013-04-22 Proc\u00e8s-verbal r\u00e8glementation embarcations 2<\/a><a href=\"http:\/\/association-lacblanc.org\/images\/stories\/pdf\/2013-09-10.compte.rendu.rencontre.camping.pdf\"><br \/>\n<\/a><a href=\"http:\/\/association-lacblanc.org\/images\/stories\/pdf\/pv2013-02-25regl-embarcations1.pdf\">2013-02-25 Proc\u00e8s-verbal r\u00e8glementation embarcations 1<\/a><a href=\"http:\/\/association-lacblanc.org\/images\/stories\/pdf\/2013-09-10.compte.rendu.rencontre.camping.pdf\"><br \/>\n<\/a><a href=\"http:\/\/association-lacblanc.org\/images\/stories\/pdf\/2013-01-10.cr.reunion.entre.ass.pdf\">2013-01-10 CR (source) Blanc, \u00c9meraude, Carillon<\/a><a href=\"http:\/\/association-lacblanc.org\/images\/stories\/pdf\/2013-09-10.compte.rendu.rencontre.camping.pdf\"><br \/>\n<\/a><a href=\"http:\/\/association-lacblanc.org\/images\/stories\/pdf\/cr.camping.2012.pdf\">2012-09-28 Compte rendu rencontre Camping<br \/>\n<\/a><a href=\"http:\/\/association-lacblanc.org\/images\/stories\/pdf\/2012-07-09.rencontre.municipalit.pdf\">2012-07-09 Rencontre bi-annuel avec la municipalit\u00e9<br \/>\n<\/a><a href=\"http:\/\/association-lacblanc.org\/images\/stories\/pdf\/2011-11-28.compte.rendu.rencontre.municipalit.pdf\">2011-11-28 Rencontre\/municipalit\u00e9<br \/>\n<\/a><a href=\"http:\/\/association-lacblanc.org\/images\/stories\/pdf\/rencontre-camping-21-septembre-2011.pdf\">2012-09-21 Rencontre avec le camping<br \/>\n<\/a><a href=\"http:\/\/association-lacblanc.org\/images\/stories\/pdf\/2011-05-22.lettre.mairie.courbe.pdf\">2011-05-22 Lettre \u00e0 la mairie pour r\u00e9am\u00e9nagement courbe pr\u00e8s chemin Denis<\/a><br \/>\n<a href=\"http:\/\/association-lacblanc.org\/images\/stories\/pdf\/2011-03-16-cr-avec-stphane-capsa.pdf\">2011-03-16 Compte rendu de la rencontre avec Stephane Blouin (Capsa)<br \/>\n<\/a><a href=\"http:\/\/association-lacblanc.org\/images\/stories\/pdf\/2010-12-14rencontre-municipalit.pdf\">2010-12-14 Rencontre avec la municipalit\u00e9<br \/>\n<\/a><a href=\"http:\/\/association-lacblanc.org\/images\/stories\/pdf\/2010-11-09-cr-rencontre-avec-le-camping.pdf\">2010-11-09 Compte rendu r\u00e9union avec le Camping<br \/>\n<\/a><a href=\"http:\/\/association-lacblanc.org\/images\/stories\/pdf\/2010-06-08cr-rencontre-capsa-stu-v8juin.pdf\">2010-06-08 Compte rendu Capsa et la municipalit\u00e9<br \/>\n<\/a><a href=\"http:\/\/association-lacblanc.org\/images\/stories\/pdf\/2010-05-31compte-rendu-capsa-arlb.pdf\">2010-05-31 Compte rendu projet d&rsquo;am\u00e9nagement de la bande riveraine avec la\u00a0Capsa<br \/>\n<\/a><a href=\"http:\/\/association-lacblanc.org\/images\/stories\/pdf\/2010-03-20compte-rendu-arlb-municipalit.pdf\">2010-03-20 Compte rendu r\u00e9union ARLB municipalit\u00e9 concernant le r\u00e9seaux routier<\/a><br \/>\n<a href=\"http:\/\/association-lacblanc.org\/images\/stories\/pdf\/2010-03-08compte-rendu-rencontre-capsa-arlb.pdf\">2010-03-08 Compte rendu rencontre Capsa et ARLB (environnement)<br \/>\n<\/a><a href=\"http:\/\/association-lacblanc.org\/images\/stories\/pdf\/appel-au-boycott-dnonc-par-larlb.pdf\">2010-03-06 Appel au boycott d\u00e9nonc\u00e9 par L&rsquo;ARLB<\/a> <a href=\"http:\/\/association-lacblanc.org\/images\/stories\/pdf\/appel-au-boycott-dnonc-par-larlb.pdf\"><br \/>\n<\/a><a href=\"http:\/\/association-lacblanc.org\/images\/stories\/pdf\/2009-11-20compte-rendu-runion-arlb-maire.pdf\">2009-11-20 Compte rendu ARLB maire<br \/>\n<\/a><a href=\"http:\/\/association-lacblanc.org\/images\/stories\/pdf\/compterendu_camping_lacblanc.pdf\">2009-02-24 Compte rendu rencontre Camping lac Blanc<\/a><br \/>\n<a href=\"http:\/\/association-lacblanc.org\/images\/stories\/pdf\/Caucuslac-blanc_perreaultcapsa.pdf\">2008-11-03\u00a0Rencontre Municipalit\u00e9\u00a0Lac-Blanc Lac-Perreault<\/a><br \/>\n<a href=\"http:\/\/association-lacblanc.org\/images\/stories\/pdf\/Rapport_chemin_lac_Blanc.pdf\">2008-08-07 Rapport sur le chemin Lac-Blanc<br \/>\n<\/a><a href=\"http:\/\/association-lacblanc.org\/images\/stories\/pdf\/rencontre_dinformation_des_rives.pdf\">2008-08-03 Rencontre d&rsquo;information (Protection des lacs et restauration des rives)<\/a><br \/>\n<a href=\"http:\/\/association-lacblanc.org\/images\/stories\/pdf\/cyanobacteries.pdf\">2008-04-12 <\/a><a href=\"http:\/\/association-lacblanc.org\/images\/stories\/pdf\/cyanobacteries.pdf\">Forum sur la probl\u00e9matique des cyanobact\u00e9ries<br \/>\n<\/a><a href=\"http:\/\/association-lacblanc.org\/images\/stories\/pdf\/2008-01-29_min_developpement.pdf\">2008-01-29 Min d\u00e9veloppement durable Environnement et Parcs<\/a><br \/>\n<a href=\"http:\/\/association-lacblanc.org\/images\/stories\/pdf\/2008-01-28_min_ress.pdf\">2008-01-28 Min Ress Naturelles et de la faune<\/a><br \/>\n<a href=\"http:\/\/association-lacblanc.org\/images\/stories\/pdf\/Municipalite.pdf\">2007-12-11 Municipalit\u00e9 de St-Ubalde, chemin du Lac-Blanc<\/a><\/p>\n","protected":false},"excerpt":{"rendered":"<p>Dans cet onglet vous retrouverez des informations concernant les d\u00e9marches entreprise par votre association. 2017-02-13 SurveyMonkey-Analyse-Pr\u00e9occupations des riverains du Lac Blanc 2016-08-21 RANDO DES RIVERAINS . Pub video camping-1 2016-07-28 \u00c9tapes propos\u00e9es pour l&rsquo;\u00e9laboration du plan d&rsquo;ensemble d&rsquo;intervention 2016-06-01 R\u00e9sum\u00e9 de la rencontre avec le camping 2015-08-19 Journ\u00e9e sans moteur merci aux participants 2015-05-21 \u00a0Questionnaire&hellip; <a class=\"more-link\" href=\"https:\/\/association-lacblanc.org\/index.php\/nos-demarches\/\">Poursuivre la lecture <span class=\"screen-reader-text\">Nos d\u00e9marches<\/span><\/a><\/p>\n","protected":false},"author":1,"featured_media":0,"parent":0,"menu_order":14,"comment_status":"closed","ping_status":"closed","template":"","meta":{"footnotes":""},"class_list":["post-76","page","type-page","status-publish","hentry","entry"],"_links":{"self":[{"href":"https:\/\/association-lacblanc.org\/index.php\/wp-json\/wp\/v2\/pages\/76","targetHints":{"allow":["GET"]}}],"collection":[{"href":"https:\/\/association-lacblanc.org\/index.php\/wp-json\/wp\/v2\/pages"}],"about":[{"href":"https:\/\/association-lacblanc.org\/index.php\/wp-json\/wp\/v2\/types\/page"}],"author":[{"embeddable":true,"href":"https:\/\/association-lacblanc.org\/index.php\/wp-json\/wp\/v2\/users\/1"}],"replies":[{"embeddable":true,"href":"https:\/\/association-lacblanc.org\/index.php\/wp-json\/wp\/v2\/comments?post=76"}],"version-history":[{"count":0,"href":"https:\/\/association-lacblanc.org\/index.php\/wp-json\/wp\/v2\/pages\/76\/revisions"}],"wp:attachment":[{"href":"https:\/\/association-lacblanc.org\/index.php\/wp-json\/wp\/v2\/media?parent=76"}],"curies":[{"name":"wp","href":"https:\/\/api.w.org\/{rel}","templated":true}]}}