{"id":654,"date":"2017-01-14T15:25:44","date_gmt":"2017-01-14T20:25:44","guid":{"rendered":"http:\/\/association-lacblanc.org\/?page_id=654"},"modified":"2025-05-29T14:34:17","modified_gmt":"2025-05-29T18:34:17","slug":"documents","status":"publish","type":"page","link":"https:\/\/association-lacblanc.org\/index.php\/documents\/","title":{"rendered":"Documents AGA 2025"},"content":{"rendered":"<p style=\"text-align: center;\"><a href=\"https:\/\/association-lacblanc.org\/wp-content\/uploads\/2025\/05\/AVIS-CONVOCATION-AGA-2025-avec-logos-v5.pdf\">Avis de convocation AGA 2025<\/a><br \/><a href=\"https:\/\/association-lacblanc.org\/wp-content\/uploads\/2025\/05\/P.V.-AGA-2024-15-JUIN.pdf\">Proc\u00e8s-verbal non approuv\u00e9 AGA 2024-06-15<\/a><br \/><a href=\"https:\/\/association-lacblanc.org\/wp-content\/uploads\/2025\/05\/Priorites-daction-2025.pdf\">Priorit\u00e9s d&rsquo;actions 2025<\/a><br \/><a href=\"https:\/\/association-lacblanc.org\/wp-content\/uploads\/2025\/05\/Previsions-2025-2026.pdf\">\u00c9tats financiers 2024 et pr\u00e9visions budg\u00e9taires\u00a0 2025<\/a><\/p>\n\n\n<p><\/p>\n","protected":false},"excerpt":{"rendered":"<p>Avis de convocation AGA 2025Proc\u00e8s-verbal non approuv\u00e9 AGA 2024-06-15Priorit\u00e9s d&rsquo;actions 2025\u00c9tats financiers 2024 et pr\u00e9visions budg\u00e9taires\u00a0 2025<\/p>\n","protected":false},"author":1,"featured_media":0,"parent":0,"menu_order":0,"comment_status":"closed","ping_status":"closed","template":"","meta":{"footnotes":""},"class_list":["post-654","page","type-page","status-publish","hentry","entry"],"_links":{"self":[{"href":"https:\/\/association-lacblanc.org\/index.php\/wp-json\/wp\/v2\/pages\/654","targetHints":{"allow":["GET"]}}],"collection":[{"href":"https:\/\/association-lacblanc.org\/index.php\/wp-json\/wp\/v2\/pages"}],"about":[{"href":"https:\/\/association-lacblanc.org\/index.php\/wp-json\/wp\/v2\/types\/page"}],"author":[{"embeddable":true,"href":"https:\/\/association-lacblanc.org\/index.php\/wp-json\/wp\/v2\/users\/1"}],"replies":[{"embeddable":true,"href":"https:\/\/association-lacblanc.org\/index.php\/wp-json\/wp\/v2\/comments?post=654"}],"version-history":[{"count":44,"href":"https:\/\/association-lacblanc.org\/index.php\/wp-json\/wp\/v2\/pages\/654\/revisions"}],"predecessor-version":[{"id":3964,"href":"https:\/\/association-lacblanc.org\/index.php\/wp-json\/wp\/v2\/pages\/654\/revisions\/3964"}],"wp:attachment":[{"href":"https:\/\/association-lacblanc.org\/index.php\/wp-json\/wp\/v2\/media?parent=654"}],"curies":[{"name":"wp","href":"https:\/\/api.w.org\/{rel}","templated":true}]}}