{"id":420,"date":"2016-11-23T20:00:44","date_gmt":"2016-11-24T01:00:44","guid":{"rendered":"http:\/\/association-lacblanc.org\/?page_id=420"},"modified":"2021-08-27T15:56:48","modified_gmt":"2021-08-27T19:56:48","slug":"guide-riverain-lac-blanc","status":"publish","type":"page","link":"https:\/\/association-lacblanc.org\/index.php\/guide-riverain-lac-blanc\/","title":{"rendered":"Guide riverain Lac Blanc"},"content":{"rendered":"<p>Puisque chaque geste compte, laissez-nous souligner l\u2019int\u00e9r\u00eat que les riverains ont port\u00e9 \u00e0 leurs lacs par le biais de ce projet. \u00a0Merci aux participants et participantes, c\u2019est un peu de vous qui se retrouve dans chacune de ces pages\u2026<\/p>\n<p><a href=\"https:\/\/association-lacblanc.org\/\/wp-content\/uploads\/2009\/12\/pdf_Guide_lac_Blanc.pdf\" target=\"_blank\" rel=\"noopener\">Guide_des riverains du Lac_Blanc<\/a><\/p>\n","protected":false},"excerpt":{"rendered":"<p>Puisque chaque geste compte, laissez-nous souligner l\u2019int\u00e9r\u00eat que les riverains ont port\u00e9 \u00e0 leurs lacs par le biais de ce projet. \u00a0Merci aux participants et participantes, c\u2019est un peu de vous qui se retrouve dans chacune de ces pages\u2026 Guide_des riverains du Lac_Blanc<\/p>\n","protected":false},"author":1,"featured_media":442,"parent":0,"menu_order":0,"comment_status":"closed","ping_status":"closed","template":"","meta":{"footnotes":""},"class_list":["post-420","page","type-page","status-publish","has-post-thumbnail","hentry","entry"],"_links":{"self":[{"href":"https:\/\/association-lacblanc.org\/index.php\/wp-json\/wp\/v2\/pages\/420","targetHints":{"allow":["GET"]}}],"collection":[{"href":"https:\/\/association-lacblanc.org\/index.php\/wp-json\/wp\/v2\/pages"}],"about":[{"href":"https:\/\/association-lacblanc.org\/index.php\/wp-json\/wp\/v2\/types\/page"}],"author":[{"embeddable":true,"href":"https:\/\/association-lacblanc.org\/index.php\/wp-json\/wp\/v2\/users\/1"}],"replies":[{"embeddable":true,"href":"https:\/\/association-lacblanc.org\/index.php\/wp-json\/wp\/v2\/comments?post=420"}],"version-history":[{"count":0,"href":"https:\/\/association-lacblanc.org\/index.php\/wp-json\/wp\/v2\/pages\/420\/revisions"}],"wp:featuredmedia":[{"embeddable":true,"href":"https:\/\/association-lacblanc.org\/index.php\/wp-json\/wp\/v2\/media\/442"}],"wp:attachment":[{"href":"https:\/\/association-lacblanc.org\/index.php\/wp-json\/wp\/v2\/media?parent=420"}],"curies":[{"name":"wp","href":"https:\/\/api.w.org\/{rel}","templated":true}]}}