{"id":41,"date":"2009-12-21T19:19:13","date_gmt":"2009-12-21T18:19:13","guid":{"rendered":"http:\/\/association-lacblanc.org\/index.php\/responsabilite-des-riverains\/"},"modified":"2009-12-21T19:19:13","modified_gmt":"2009-12-21T18:19:13","slug":"responsabilite-des-riverains","status":"publish","type":"page","link":"https:\/\/association-lacblanc.org\/index.php\/responsabilite-des-riverains\/","title":{"rendered":"Responsabilit\u00e9s des riverains"},"content":{"rendered":"<p>\u00catre riverain est un privil\u00e8ge qui entra\u00eene certaines responsabilit\u00e9s dont<br \/>\ncelles de prot\u00e9ger ce bien commun.<\/p>\n<p>Il est primordial que chacun s\u2019engage dans toute action visant \u00e0 am\u00e9liorer<br \/>\nla qualit\u00e9 de vie autour du Lac Blanc:<\/p>\n<p>En adoptant de saines habitudes de protection de l\u2019environnement,<\/p>\n<p>En s\u2019assurant du bon fonctionnement des installations septiques de<br \/>\nsa propri\u00e9t\u00e9 et en respectant les normes de conformit\u00e9,<\/p>\n<p>En utilisant des produits exempts de phosphate,<\/p>\n<p>En pr\u00e9servant et rev\u00e9g\u00e9talisant la bande riveraine du lac Blanc et<br \/>\nde ses affluents,<\/p>\n<p>En sensibilisant ses voisins \u00e0 l\u2019importance de modifier toute pratique<br \/>\nayant des effets n\u00e9fastes sur l\u2019environnement,<\/p>\n<p>En mettant en \u0153uvre les recommandations du plan de protection<br \/>\n\u00e9labor\u00e9 par la CAPSA, d\u00e9crit dans le Guide du riverain et<br \/>\npublicis\u00e9 sur des affiches dans notre milieu,<\/p>\n<p>En respectant les r\u00e8gles de la circulation et s\u00e9curit\u00e9<br \/>\nnautique ainsi que la qui\u00e9tude des lieux,<\/p>\n<p>En supportant l\u2019Association dans ses actions.<\/p>\n<p>&nbsp;<\/p>\n","protected":false},"excerpt":{"rendered":"<p>\u00catre riverain est un privil\u00e8ge qui entra\u00eene certaines responsabilit\u00e9s dont celles de prot\u00e9ger ce bien commun. Il est primordial que chacun s\u2019engage dans toute action visant \u00e0 am\u00e9liorer la qualit\u00e9 de vie autour du Lac Blanc: En adoptant de saines habitudes de protection de l\u2019environnement, En s\u2019assurant du bon fonctionnement des installations septiques de sa&hellip; <a class=\"more-link\" href=\"https:\/\/association-lacblanc.org\/index.php\/responsabilite-des-riverains\/\">Poursuivre la lecture <span class=\"screen-reader-text\">Responsabilit\u00e9s des riverains<\/span><\/a><\/p>\n","protected":false},"author":1,"featured_media":0,"parent":0,"menu_order":16,"comment_status":"closed","ping_status":"closed","template":"","meta":{"footnotes":""},"class_list":["post-41","page","type-page","status-publish","hentry","entry"],"_links":{"self":[{"href":"https:\/\/association-lacblanc.org\/index.php\/wp-json\/wp\/v2\/pages\/41","targetHints":{"allow":["GET"]}}],"collection":[{"href":"https:\/\/association-lacblanc.org\/index.php\/wp-json\/wp\/v2\/pages"}],"about":[{"href":"https:\/\/association-lacblanc.org\/index.php\/wp-json\/wp\/v2\/types\/page"}],"author":[{"embeddable":true,"href":"https:\/\/association-lacblanc.org\/index.php\/wp-json\/wp\/v2\/users\/1"}],"replies":[{"embeddable":true,"href":"https:\/\/association-lacblanc.org\/index.php\/wp-json\/wp\/v2\/comments?post=41"}],"version-history":[{"count":0,"href":"https:\/\/association-lacblanc.org\/index.php\/wp-json\/wp\/v2\/pages\/41\/revisions"}],"wp:attachment":[{"href":"https:\/\/association-lacblanc.org\/index.php\/wp-json\/wp\/v2\/media?parent=41"}],"curies":[{"name":"wp","href":"https:\/\/api.w.org\/{rel}","templated":true}]}}