{"id":40,"date":"2009-12-21T19:18:48","date_gmt":"2009-12-21T18:18:48","guid":{"rendered":"http:\/\/association-lacblanc.org\/index.php\/devenir-membre\/"},"modified":"2025-04-18T15:51:42","modified_gmt":"2025-04-18T19:51:42","slug":"devenir-membre","status":"publish","type":"page","link":"https:\/\/association-lacblanc.org\/index.php\/devenir-membre\/","title":{"rendered":"Membre r\u00e9gulier"},"content":{"rendered":"\n<div id=\"mywrap\">\n<table style=\"border: 2pt solid red;\">\n<tbody><tr>\n<td style=\"background-color: White; text-align: center;\"><h4>Pourquoi devenir membre?<\/h4><\/td>\n<\/tr>\n<tr>\n<td style=\"background-color: Transparent;text-align: justify;\">L\u2019ARLB est un organisme sans but lucratif qui se voue \u00e0 la protection du Lac Blanc et&nbsp; de son environnement. Afin de r\u00e9aliser sa mission, votre Association est soutenue par une \u00e9quipe de b\u00e9n\u00e9voles d\u00e9vou\u00e9s qui investit temps et \u00e9nergie. L\u2019ARLB ne pourrait remplir cette importante mission sans l\u2019appui de tous ses membres actifs.<\/td>\n<\/tr>\n\n<\/tbody><\/table>\n<\/div>\n\n\n<p>Les membres de L\u2019ARLB constituent une force dans ses rapports avec la municipalit\u00e9, les gouvernements provincial et f\u00e9d\u00e9ral et tous les autres intervenants concern\u00e9s par la protection de l\u2019environnement du lac Blanc. C\u2019est ensemble que nous pourrons faire toute la diff\u00e9rence et prot\u00e9ger notre pr\u00e9cieux investissement.<\/p>\n\n\n<div id=\"mywrap\">\n<table style=\"border: 2pt solid Red;\">\n<tbody><tr>\n<td style=\"background-color: White; text-align: center;\"><h4>Qui peut devenir membre r\u00e9gulier?<\/h4><\/td>\n<\/tr>\n<tr>\n<td style=\"background-color: Transparent;text-align: justify;\">\n<center>(Extrait des R\u00e8glements g\u00e9n\u00e9raux)<\/center><br>\n\nToute personne physique qui r\u00e9pond aux exigences suivantes&nbsp;:\n<ul>\n<li>Poss\u00e9der une propri\u00e9t\u00e9 sur le territoire du Lac Blanc<\/li>\n<li>\u00catre \u00e2g\u00e9 de <b>18 ans<\/b> et plus<\/li>\n<li>Adh\u00e9rer \u00e0 la mission et aux objectifs de l\u2019Association<\/li>\n<li>Avoir pay\u00e9 sa cotisation annuelle<\/li>\n<\/ul>\n(Note : Un maximum de deux personnes par r\u00e9sidence peuvent avoir le statut de membre r\u00e9gulier mais une seule des deux aura le droit de vote lors des assembl\u00e9es g\u00e9n\u00e9rales.)\n<\/td>\n<\/tr>\n\n<\/tbody><\/table><\/div>\n\n\n<p>Nous souhaitons donc la bienvenue \u00e0 tous ceux et celles qui se joignent \u00e0 nous et tenons \u00e0 remercier les membres qui renouvellent leur adh\u00e9sion. Votre contribution est tr\u00e8s importante pour la bonne marche de votre association.<\/p>\n<h3>Cotisation annuelle 2025<\/h3>\n<p>La cotisation des <strong>membres r\u00e9guliers<\/strong> couvre l&rsquo;ann\u00e9e financi\u00e8re de l&rsquo;Association qui est du 1\u1d49\u02b3 mai au 30 avril de l&rsquo;ann\u00e9e suivante.<br \/>Vous pouvez maintenant payer pour <strong>deux ans<\/strong> si vous le souhaitez.<br \/>Membre r\u00e9gulier : 35$ (pour 2025) ou 70$ (pour 2025 et 2026)<\/p>\n<p>NOUVEAU MEMBRE :<br \/>Compl\u00e9tez le formulaire de votre choix <strong>(format PDF ou version \u00e9lectronique)<\/strong> et passez au mode de paiement d\u00e9sir\u00e9.<\/p>\n<p>D\u00c9J\u00c0 MEMBRE :<br \/>Vos coordonn\u00e9es sont les m\u00eames ? (adresse courriel, adresse de correspondance, etc.) <strong>Rien de plus simple : passez directement au mode de paiement d\u00e9sir\u00e9.<\/strong><\/p>\n<p>Il y a eu des changements dans vos coordonn\u00e9es ?<\/p>\n<p>Compl\u00e9tez le formulaire de votre choix <strong>(format PDF ou version \u00e9lectronique) <\/strong>et passez au mode de paiement d\u00e9sir\u00e9.<\/p>\n<h3>Comment renouveler votre adh\u00e9sion ?<br \/>Cinq options de paiement s&rsquo;offrent \u00e0 vous<\/h3>\n\n\n<div id=\"mywrap\">\n\n<div>\n<div class=\"choices\">\n    <div class=\"clicker\" tabindex=\"1\"><h4>VIREMENT INTERAC<\/h4><\/div>\n    <div class=\"hiddendiv\"><h5><br>Choisir adresse courriel du destinataire : <b>arlacblanc@gmail.com<\/b><br>Aucune question\/r\u00e9ponse de s\u00e9curit\u00e9 requise pour les membres Desjardins. Pour les autres (banques), peu importe la r\u00e9ponse de s\u00e9curit\u00e9, le virement se fait automatiquement.\n<\/div><\/div>\n<br>\n<div>\n<div class=\"choices\">\n    <div class=\"clicker\" tabindex=\"1\"><h4>VIREMENT ENTRE PERSONNES DESJARDINS<\/h4><\/div>\n    <div class=\"hiddendiv\"><h5><br>No transit: <b>20085<\/b><br>No institution: <b>815<\/b><br>Folio: <b>4771267<\/b><\/h5><br><\/div>\n<\/div><\/div>\n<br>\n<div>\n<div class=\"choices\">\n    <div class=\"clicker\" tabindex=\"1\"><h4>PAR LA POSTE<\/h4><\/div>\n    <div class=\"hiddendiv\"><h5><br>Faire parvenir votre ch\u00e8que ainsi que le formulaire d\u2019adh\u00e9sion :<br><br>\nAssociation des Riverains du Lac Blanc <br>\nC.P. 1501, St-Ubalde (Qu\u00e9bec) G0A 4L0<\/h5><br><\/div>\n<\/div><\/div>\n<br>\n\n<div>\n<div class=\"choices\">\n    <div class=\"clicker\" tabindex=\"1\"><h4>\u00c0 L\u2019ASSEMBL\u00c9E G\u00c9N\u00c9RALE ANNUELLE<\/h4><\/div>\n    <div class=\"hiddendiv\"><h5><br>Lors de l\u2019assembl\u00e9e g\u00e9n\u00e9rale annuelle, vous pouvez payer par ch\u00e8que ou en argent \u00e0 la personne \u00e0 l\u2019entr\u00e9e de la salle.<\/h5><br><\/div>\n<\/div><\/div>\n<br>\n\n<div>\n<div class=\"choices\">\n    <div class=\"clicker\" tabindex=\"1\"><h4>\u00c0 UN ADMINISTRATEUR<\/h4><\/div>\n    <div class=\"hiddendiv\"><h5><br>Communiquer avec un des administrateurs de notre conseil d\u2019administration qui se fera un plaisir d\u2019aller vous rencontrer et recueillir votre paiement.<\/h5><br><\/div>\n<\/div><\/div>\n\n\n<\/div>\n\n\n\n<div class=\"wp-block-buttons is-layout-flex wp-block-buttons-is-layout-flex\">\n<div class=\"wp-block-button has-custom-width wp-block-button__width-100 is-style-outline is-style-outline--1\"><a class=\"wp-block-button__link has-black-color has-red-background-color has-text-color has-background wp-element-button\" href=\"https:\/\/association-lacblanc.org\/index.php\/membre-regulier-formulaire-en-ligne\/\" style=\"border-radius:20px\" target=\"_blank\" rel=\"noreferrer noopener\">Formulaire en ligne pour devenir membre r\u00e9gulier<\/a><\/div>\n<\/div>\n\n\n\n<div class=\"wp-block-buttons is-layout-flex wp-block-buttons-is-layout-flex\">\n<div class=\"wp-block-button has-custom-width wp-block-button__width-100 is-style-outline is-style-outline--2\"><a class=\"wp-block-button__link has-black-color has-red-background-color has-text-color has-background wp-element-button\" href=\"https:\/\/association-lacblanc.org\/wp-content\/uploads\/2022\/03\/Form2022.pdf\" style=\"border-radius:20px\" target=\"_blank\" rel=\"noreferrer noopener\">T\u00e9l\u00e9charger le formulaire (pdf)<\/a><\/div>\n<\/div>\n\n\n\n<div class=\"wp-block-columns is-layout-flex wp-container-core-columns-is-layout-9d6595d7 wp-block-columns-is-layout-flex\">\n<div class=\"wp-block-column is-layout-flow wp-block-column-is-layout-flow\">\n<div class=\"wp-block-buttons is-layout-flex wp-block-buttons-is-layout-flex\"><\/div>\n<\/div>\n<\/div>\n","protected":false},"excerpt":{"rendered":"<p>Pourquoi devenir membre? L\u2019ARLB est un organisme sans but lucratif qui se voue \u00e0 la protection du Lac Blanc et&nbsp; de son environnement. Afin de r\u00e9aliser sa mission, votre Association est soutenue par une \u00e9quipe de b\u00e9n\u00e9voles d\u00e9vou\u00e9s qui investit temps et \u00e9nergie. L\u2019ARLB ne pourrait remplir cette importante mission sans l\u2019appui de tous ses&hellip; <a class=\"more-link\" href=\"https:\/\/association-lacblanc.org\/index.php\/devenir-membre\/\">Poursuivre la lecture <span class=\"screen-reader-text\">Membre r\u00e9gulier<\/span><\/a><\/p>\n","protected":false},"author":1,"featured_media":0,"parent":0,"menu_order":17,"comment_status":"closed","ping_status":"closed","template":"","meta":{"footnotes":""},"class_list":["post-40","page","type-page","status-publish","hentry","entry"],"_links":{"self":[{"href":"https:\/\/association-lacblanc.org\/index.php\/wp-json\/wp\/v2\/pages\/40","targetHints":{"allow":["GET"]}}],"collection":[{"href":"https:\/\/association-lacblanc.org\/index.php\/wp-json\/wp\/v2\/pages"}],"about":[{"href":"https:\/\/association-lacblanc.org\/index.php\/wp-json\/wp\/v2\/types\/page"}],"author":[{"embeddable":true,"href":"https:\/\/association-lacblanc.org\/index.php\/wp-json\/wp\/v2\/users\/1"}],"replies":[{"embeddable":true,"href":"https:\/\/association-lacblanc.org\/index.php\/wp-json\/wp\/v2\/comments?post=40"}],"version-history":[{"count":124,"href":"https:\/\/association-lacblanc.org\/index.php\/wp-json\/wp\/v2\/pages\/40\/revisions"}],"predecessor-version":[{"id":3905,"href":"https:\/\/association-lacblanc.org\/index.php\/wp-json\/wp\/v2\/pages\/40\/revisions\/3905"}],"wp:attachment":[{"href":"https:\/\/association-lacblanc.org\/index.php\/wp-json\/wp\/v2\/media?parent=40"}],"curies":[{"name":"wp","href":"https:\/\/api.w.org\/{rel}","templated":true}]}}