{"id":4,"date":"2009-12-18T15:14:12","date_gmt":"2009-12-18T14:14:12","guid":{"rendered":"http:\/\/association-lacblanc.org\/index.php\/accueil\/"},"modified":"2022-04-08T14:12:55","modified_gmt":"2022-04-08T18:12:55","slug":"accueil","status":"publish","type":"page","link":"https:\/\/association-lacblanc.org\/index.php\/accueil\/","title":{"rendered":"Bienvenue"},"content":{"rendered":"\n<p>Bonjour chers visiteurs,<\/p>\n\n\n\n<p class=\"has-text-align-left\">Nous sommes heureux de vous accueillir sur le site web de l\u2019Association des Riverains du Lac Blanc. Cr\u00e9\u00e9e en 2005, notre association cumule&nbsp; maintenant 16 ans de r\u00e9alisations vou\u00e9es \u00e0 la protection du lac. Elle regroupe plus de 120 membres qui partagent la volont\u00e9 de maintenir la qualit\u00e9 de l\u2019environnement du lac Blanc et de pr\u00e9server la qualit\u00e9 de vie de ses riverains.<\/p>\n\n\n\n<p>Nous vous invitons \u00e0 parcourir les diff\u00e9rentes rubriques qui vous informeront sur les divers enjeux qui touchent le lac Blanc, sur nos actions et projets, sur les diff\u00e9rentes r\u00e9glementations en vigueur, ainsi que les donn\u00e9es et les publications de notre Association. De plus, en consultant notre album photos vous pourrez admirer le magnifique d\u00e9cor naturel du lac Blanc.<\/p>\n\n\n\n<p>Esp\u00e9rons que votre visite saura vous fournir des informations utiles et qu\u2019elle vous donnera le go\u00fbt de nous conna\u00eetre davantage.<br>Nous vous invitons aussi \u00e0 nous suivre sur notre page Facebook!<\/p>\n\n\n\n<p>France St-Germain<br>Pr\u00e9sidente de l\u2019Association des Riverains du Lac Blanc<\/p>\n","protected":false},"excerpt":{"rendered":"<p>Bonjour chers visiteurs, Nous sommes heureux de vous accueillir sur le site web de l\u2019Association des Riverains du Lac Blanc. Cr\u00e9\u00e9e en 2005, notre association cumule&nbsp; maintenant 16 ans de r\u00e9alisations vou\u00e9es \u00e0 la protection du lac. Elle regroupe plus de 120 membres qui partagent la volont\u00e9 de maintenir la qualit\u00e9 de l\u2019environnement du lac&hellip; <a class=\"more-link\" href=\"https:\/\/association-lacblanc.org\/index.php\/accueil\/\">Poursuivre la lecture <span class=\"screen-reader-text\">Bienvenue<\/span><\/a><\/p>\n","protected":false},"author":1,"featured_media":437,"parent":0,"menu_order":20,"comment_status":"closed","ping_status":"closed","template":"","meta":{"footnotes":""},"class_list":["post-4","page","type-page","status-publish","has-post-thumbnail","hentry","entry"],"_links":{"self":[{"href":"https:\/\/association-lacblanc.org\/index.php\/wp-json\/wp\/v2\/pages\/4","targetHints":{"allow":["GET"]}}],"collection":[{"href":"https:\/\/association-lacblanc.org\/index.php\/wp-json\/wp\/v2\/pages"}],"about":[{"href":"https:\/\/association-lacblanc.org\/index.php\/wp-json\/wp\/v2\/types\/page"}],"author":[{"embeddable":true,"href":"https:\/\/association-lacblanc.org\/index.php\/wp-json\/wp\/v2\/users\/1"}],"replies":[{"embeddable":true,"href":"https:\/\/association-lacblanc.org\/index.php\/wp-json\/wp\/v2\/comments?post=4"}],"version-history":[{"count":2,"href":"https:\/\/association-lacblanc.org\/index.php\/wp-json\/wp\/v2\/pages\/4\/revisions"}],"predecessor-version":[{"id":2775,"href":"https:\/\/association-lacblanc.org\/index.php\/wp-json\/wp\/v2\/pages\/4\/revisions\/2775"}],"wp:featuredmedia":[{"embeddable":true,"href":"https:\/\/association-lacblanc.org\/index.php\/wp-json\/wp\/v2\/media\/437"}],"wp:attachment":[{"href":"https:\/\/association-lacblanc.org\/index.php\/wp-json\/wp\/v2\/media?parent=4"}],"curies":[{"name":"wp","href":"https:\/\/api.w.org\/{rel}","templated":true}]}}