{"id":3747,"date":"2024-06-14T09:16:10","date_gmt":"2024-06-14T13:16:10","guid":{"rendered":"https:\/\/association-lacblanc.org\/?page_id=3747"},"modified":"2024-06-14T16:19:06","modified_gmt":"2024-06-14T20:19:06","slug":"rapports-dactivites","status":"publish","type":"page","link":"https:\/\/association-lacblanc.org\/index.php\/rapports-dactivites\/","title":{"rendered":"Rapports d&rsquo;activit\u00e9s"},"content":{"rendered":"\n<p><a href=\"https:\/\/association-lacblanc.org\/wp-content\/uploads\/2024\/06\/Rapport-dactivites-2023-2024.pdf\">Rapport d&rsquo;activit\u00e9s 2023-2024<\/a><br><a href=\"https:\/\/association-lacblanc.org\/wp-content\/uploads\/2023\/06\/Rapport-dactivites-22-23.pdf\">Rapport d&rsquo;activit\u00e9s 2022-2023<\/a><br><a href=\"https:\/\/association-lacblanc.org\/wp-content\/uploads\/2024\/06\/Rapport-dactivites-2021-2022.pdf\">Rapport d&rsquo;activit\u00e9s 2021-2022<\/a><br><a href=\"https:\/\/association-lacblanc.org\/wp-content\/uploads\/2024\/06\/Rapport-dactivites-2021-2022.pdf\">Rapport d&rsquo;activit\u00e9s 2020-2021<\/a><br><a href=\"https:\/\/association-lacblanc.org\/wp-content\/uploads\/2019\/07\/Rapport-dactivites-2019-2020.pdf\">Rapport d&rsquo;activit\u00e9s 2019-2020<\/a><\/p>\n","protected":false},"excerpt":{"rendered":"<p>Rapport d&rsquo;activit\u00e9s 2023-2024Rapport d&rsquo;activit\u00e9s 2022-2023Rapport d&rsquo;activit\u00e9s 2021-2022Rapport d&rsquo;activit\u00e9s 2020-2021Rapport d&rsquo;activit\u00e9s 2019-2020<\/p>\n","protected":false},"author":1,"featured_media":0,"parent":0,"menu_order":0,"comment_status":"closed","ping_status":"closed","template":"","meta":{"footnotes":""},"class_list":["post-3747","page","type-page","status-publish","hentry","entry"],"_links":{"self":[{"href":"https:\/\/association-lacblanc.org\/index.php\/wp-json\/wp\/v2\/pages\/3747","targetHints":{"allow":["GET"]}}],"collection":[{"href":"https:\/\/association-lacblanc.org\/index.php\/wp-json\/wp\/v2\/pages"}],"about":[{"href":"https:\/\/association-lacblanc.org\/index.php\/wp-json\/wp\/v2\/types\/page"}],"author":[{"embeddable":true,"href":"https:\/\/association-lacblanc.org\/index.php\/wp-json\/wp\/v2\/users\/1"}],"replies":[{"embeddable":true,"href":"https:\/\/association-lacblanc.org\/index.php\/wp-json\/wp\/v2\/comments?post=3747"}],"version-history":[{"count":12,"href":"https:\/\/association-lacblanc.org\/index.php\/wp-json\/wp\/v2\/pages\/3747\/revisions"}],"predecessor-version":[{"id":3766,"href":"https:\/\/association-lacblanc.org\/index.php\/wp-json\/wp\/v2\/pages\/3747\/revisions\/3766"}],"wp:attachment":[{"href":"https:\/\/association-lacblanc.org\/index.php\/wp-json\/wp\/v2\/media?parent=3747"}],"curies":[{"name":"wp","href":"https:\/\/api.w.org\/{rel}","templated":true}]}}