{"id":37,"date":"2009-12-21T19:17:27","date_gmt":"2009-12-21T18:17:27","guid":{"rendered":"http:\/\/association-lacblanc.org\/index.php\/notre-lac\/"},"modified":"2025-05-06T15:19:09","modified_gmt":"2025-05-06T19:19:09","slug":"notre-lac","status":"publish","type":"page","link":"https:\/\/association-lacblanc.org\/index.php\/notre-lac\/","title":{"rendered":"Notre lac"},"content":{"rendered":"<p style=\"text-align: left;\"><strong>Notre lac<\/strong><\/p>\n<p><strong>Donn\u00e9es techniques<\/strong><\/p>\n<p>Le Lac Blanc a une longueur de 3.9 km, une profondeur maximale de 42.8 m\u00e8tres et la longueur de ses berges est d\u2019environ 12.80 km. La montagne qui s\u00e9pare le lac en son centre est surnomm\u00e9e la Pinotte par sa forme qui ressemble \u00e0 une arachide en \u00e9cale. Le lac Blanc puise son eau de deux charges principales, soit celle de la rivi\u00e8re des Pins (appel\u00e9e autrefois rivi\u00e8re Pauvre) qui passe pr\u00e8s du camping et la d\u00e9charge du lac \u00c9meraude. Les autres charges, qui sont de moindre importance, sont celles des lacs Perreault, Fin et Tabac. La d\u00e9charge du lac Blanc, qui devient la rivi\u00e8re Blanche, traverse les terres de Saint-Ubalde sur une distance de 27 km avant de se jeter dans la rivi\u00e8re Sainte-Anne \u00e0 l\u2019entr\u00e9e de St-Casimir.<\/p>\n<p><img decoding=\"async\" src=\"https:\/\/association-lacblanc.org\/\/wp-content\/uploads\/2021\/08\/Bathymetrie-Lac-Blanc-Ministere-1024x663.jpg\" alt=\"L\u2019attribut alt de cette image est vide, son nom de fichier est Bathymetrie-Lac-Blanc-Ministere-1024x663.jpg.\" \/><\/p>\n<p>Un peu d\u2019histoire\u2026<\/p>\n<p>Un premier moulin \u00e0 scie se construit sur la berge de la rivi\u00e8re Blanche vers 1900; celui-ci fonctionnait gr\u00e2ce au courant de l\u2019eau, ce qui lui procurait l\u2019\u00e9nergie dont il avait besoin pour faire fonctionner le moulin. Le propri\u00e9taire de ce moulin \u00e9tait Alphonse Auger; son fils Ulric en prend possession en 1920 et le c\u00e8de plus tard \u00e0 son fr\u00e8re Alphonse junior. En 1925, Dominique Trottier construit le premier chalet du lac avec un associ\u00e9 mais le chalet fut d\u00e9truit par le feu deux ans plus tard. \u00c0 cette p\u00e9riode, un Am\u00e9rindien du nom de Jos Lacerte habitait \u00e0 l\u2019entr\u00e9e de la rivi\u00e8re Pauvre (aujourd\u2019hui appel\u00e9e rivi\u00e8re des Pins), tout pr\u00e8s du rapide, dans une cabane de bois rond.\u00a0 Quelques ann\u00e9es plus tard, les deux fr\u00e8res Jeannette se sont r\u00e9fugi\u00e9s au m\u00eame endroit pendant la grande d\u00e9pression des ann\u00e9es 30. Entre 1941 et 1949, M. Henri Pleau et Fils exploitait un moulin \u00e0 scie sur le bord du lac Blanc, \u00e0 un endroit qui se situe aujourd\u2019hui au bout de la 6 i\u00e8me rue.\u00a0 \u00c0 cette p\u00e9riode, la drave \u00e9tait courante sur le lac et on retrouve encore aujourd\u2019hui des billes au fond du lac.<\/p>\n<p>En 1959, le cur\u00e9 de St-Thuribe,\u00a0 Pietro Princhipi, d\u00e9marre une colonie de vacances pour les jeunes sur un vaste domaine partant de la 8 i\u00e8me rue jusqu\u2019au Camping et qu\u2019il a op\u00e9r\u00e9 pendant une quinzaine d\u2019ann\u00e9es. Les Chevaliers de Colomb en font l\u2019achat en 1974 et y \u00e9tablissent leur camping provincial qu\u2019ils ont op\u00e9r\u00e9 \u00e0 leur tour pendant une trentaine d\u2019ann\u00e9es jusqu\u2019\u00e0 ce qu\u2019ils d\u00e9cident de vendre ces terres \u00e0 un investisseur priv\u00e9 (MM. Denis) en 2005.\u00a0 Le tout s\u2019appelle maintenant le Domaine du Lac Blanc. Aujourd\u2019hui le lac Blanc est entour\u00e9 par plus de 160 propri\u00e9t\u00e9s et par quelques \u00e9rabli\u00e8res.<\/p>\n<p>Une personne qui avait un attachement particulier au lac Blanc, M. Arthur Cinq-Mars, d\u00e9cida de construire un h\u00f4tel avec restaurant au d\u00e9but des ann\u00e9es 60. Les premi\u00e8res motoneiges lou\u00e9es par l\u2019h\u00f4telier firent leur apparition au lac Blanc, ainsi qu\u2019une pente de ski au lac \u00e0 Ricard (aujourd\u2019hui le lac \u00c9meraude).\u00a0 Cet h\u00f4tel a \u00e9t\u00e9 d\u00e9truit par le feu en 1997 et sa fondation de ciment accueille aujourd\u2019hui deux terrains de pickle-ball.\u00a0 Le Camping Municipal de St-Ubalde, quant \u00e0 lui, ouvre ses portes en 1972 et se d\u00e9veloppera ann\u00e9e apr\u00e8s ann\u00e9e, suivi de pr\u00e8s par l\u2019ouverture du D\u00e9panneur B\u00e9langer vers la fin des ann\u00e9es 70. C\u2019est en 2005 que la Municipalit\u00e9 vend le Camping aux fr\u00e8res Audet qui en ont \u00e9t\u00e9 les propri\u00e9taires jusqu\u2019en 2021.<\/p>\n<p>La communaut\u00e9 du lac Blanc a connu plusieurs drames : un feu de for\u00eat \u00e0 l\u2019extr\u00e9mit\u00e9 ouest du lac dans les ann\u00e9es \u201940, deux incendies dans des r\u00e9sidences priv\u00e9es dans les ann\u00e9es \u201880 et l\u2019incendie de l\u2019H\u00f4tel en 1997 tel que d\u00e9j\u00e0 mentionn\u00e9. Le pire drame a probablement \u00e9t\u00e9 les trois d\u00e9c\u00e8s par noyade.<\/p>\n<p><strong>Les origines<\/strong><\/p>\n<p>Le lac Blanc a d\u2019abord port\u00e9 le nom de lac \u00e0 la Truite, tel que mentionn\u00e9 sur les cartes ant\u00e9rieures aux ann\u00e9es \u201860; ce nom a par la suite \u00e9t\u00e9 modifi\u00e9 pour lac Blanc. Le m\u00eame ph\u00e9nom\u00e8ne s\u2019est produit pour le lac \u00c9meraude puisqu\u2019il portait le nom de lac \u00e0 Ricard avant les ann\u00e9es \u201980.<\/p>\n","protected":false},"excerpt":{"rendered":"<p>Notre lac Donn\u00e9es techniques Le Lac Blanc a une longueur de 3.9 km, une profondeur maximale de 42.8 m\u00e8tres et la longueur de ses berges est d\u2019environ 12.80 km. La montagne qui s\u00e9pare le lac en son centre est surnomm\u00e9e la Pinotte par sa forme qui ressemble \u00e0 une arachide en \u00e9cale. Le lac Blanc&hellip; <a class=\"more-link\" href=\"https:\/\/association-lacblanc.org\/index.php\/notre-lac\/\">Poursuivre la lecture <span class=\"screen-reader-text\">Notre lac<\/span><\/a><\/p>\n","protected":false},"author":1,"featured_media":438,"parent":0,"menu_order":1,"comment_status":"closed","ping_status":"closed","template":"","meta":{"footnotes":""},"class_list":["post-37","page","type-page","status-publish","has-post-thumbnail","hentry","entry"],"_links":{"self":[{"href":"https:\/\/association-lacblanc.org\/index.php\/wp-json\/wp\/v2\/pages\/37","targetHints":{"allow":["GET"]}}],"collection":[{"href":"https:\/\/association-lacblanc.org\/index.php\/wp-json\/wp\/v2\/pages"}],"about":[{"href":"https:\/\/association-lacblanc.org\/index.php\/wp-json\/wp\/v2\/types\/page"}],"author":[{"embeddable":true,"href":"https:\/\/association-lacblanc.org\/index.php\/wp-json\/wp\/v2\/users\/1"}],"replies":[{"embeddable":true,"href":"https:\/\/association-lacblanc.org\/index.php\/wp-json\/wp\/v2\/comments?post=37"}],"version-history":[{"count":1,"href":"https:\/\/association-lacblanc.org\/index.php\/wp-json\/wp\/v2\/pages\/37\/revisions"}],"predecessor-version":[{"id":3912,"href":"https:\/\/association-lacblanc.org\/index.php\/wp-json\/wp\/v2\/pages\/37\/revisions\/3912"}],"wp:featuredmedia":[{"embeddable":true,"href":"https:\/\/association-lacblanc.org\/index.php\/wp-json\/wp\/v2\/media\/438"}],"wp:attachment":[{"href":"https:\/\/association-lacblanc.org\/index.php\/wp-json\/wp\/v2\/media?parent=37"}],"curies":[{"name":"wp","href":"https:\/\/api.w.org\/{rel}","templated":true}]}}