{"id":326,"date":"2016-09-18T13:11:35","date_gmt":"2016-09-18T17:11:35","guid":{"rendered":"http:\/\/association-lacblanc.org\/?page_id=326"},"modified":"2022-05-30T12:04:42","modified_gmt":"2022-05-30T16:04:42","slug":"debarcadere","status":"publish","type":"page","link":"https:\/\/association-lacblanc.org\/index.php\/debarcadere\/","title":{"rendered":"D\u00e9barcad\u00e8re"},"content":{"rendered":"<p style=\"text-align: center;\"><strong>Voici les consignes pour utiliser le d\u00e9barcad\u00e8re public du lac Blanc de la municipalit\u00e9 de St-Ubalde<br><\/strong><\/p>\n<p><\/p>\n\n\n<p>Le d\u00e9barcad\u00e8re au Lac Blanc est barr\u00e9. Pour le faire d\u00e9barrer et mettre votre embarcation \u00e0 l&rsquo;eau, vous devez avoir en votre possession votre vignette 2022 ou la preuve d&rsquo;achat en ligne et un certificat d&rsquo;attestation de lavage ou une attestation d&rsquo;exemption.<br><\/p>\n\n\n\n<p> <strong>Acc\u00e8s au d\u00e9barcad\u00e8re municipal du lac Blanc&nbsp;&nbsp;<\/strong><\/p>\n\n\n\n<p>Une fois le lavage compl\u00e9t\u00e9, vous devez vous rendre au d\u00e9barcad\u00e8re municipal situ\u00e9 \u00e0 l&rsquo;extr\u00e9mit\u00e9 du lac Blanc.&nbsp;<\/p>\n\n\n\n<p>Une fois sur place, vous devez contacter le responsable au\u00a0<strong>418-285-9771\u00a0<\/strong>qui, une fois les v\u00e9rifications requises effectu\u00e9es, sera en mesure de d\u00e9verrouiller la barri\u00e8re \u00e0 distance.\u00a0Vous disposez d&rsquo;un d\u00e9lai de 10 secondes pour ouvrir la barri\u00e8re, apr\u00e8s quoi elle se verrouille automatiquement. Si tel est le cas, vous devez rappeler le responsable pour qu&rsquo;il puisse la d\u00e9verrouiller une fois de plus.\u00a0<strong>Il est important de refermer la barri\u00e8re.<\/strong><\/p>\n\n\n\n<p><strong>Sortie de bateau&nbsp;&nbsp;<\/strong><\/p>\n\n\n\n<p>Pour sortir votre bateau du lac Blanc, vous devez communiquer avec le responsable au num\u00e9ro mentionn\u00e9 pr\u00e9c\u00e9demment pour lui mentionner que vous d\u00e9sirez sortir votre bateau de l&rsquo;eau. Par cons\u00e9quent, celui-ci sera en mesure de d\u00e9verrouiller \u00e0 nouveau la barri\u00e8re.&nbsp;<\/p>\n\n\n\n<p><\/p>\n","protected":false},"excerpt":{"rendered":"<p>Voici les consignes pour utiliser le d\u00e9barcad\u00e8re public du lac Blanc de la municipalit\u00e9 de St-Ubalde Le d\u00e9barcad\u00e8re au Lac Blanc est barr\u00e9. Pour le faire d\u00e9barrer et mettre votre embarcation \u00e0 l&rsquo;eau, vous devez avoir en votre possession votre vignette 2022 ou la preuve d&rsquo;achat en ligne et un certificat d&rsquo;attestation de lavage ou&hellip; <a class=\"more-link\" href=\"https:\/\/association-lacblanc.org\/index.php\/debarcadere\/\">Poursuivre la lecture <span class=\"screen-reader-text\">D\u00e9barcad\u00e8re<\/span><\/a><\/p>\n","protected":false},"author":1,"featured_media":0,"parent":0,"menu_order":0,"comment_status":"closed","ping_status":"closed","template":"","meta":{"footnotes":""},"class_list":["post-326","page","type-page","status-publish","hentry","entry"],"_links":{"self":[{"href":"https:\/\/association-lacblanc.org\/index.php\/wp-json\/wp\/v2\/pages\/326","targetHints":{"allow":["GET"]}}],"collection":[{"href":"https:\/\/association-lacblanc.org\/index.php\/wp-json\/wp\/v2\/pages"}],"about":[{"href":"https:\/\/association-lacblanc.org\/index.php\/wp-json\/wp\/v2\/types\/page"}],"author":[{"embeddable":true,"href":"https:\/\/association-lacblanc.org\/index.php\/wp-json\/wp\/v2\/users\/1"}],"replies":[{"embeddable":true,"href":"https:\/\/association-lacblanc.org\/index.php\/wp-json\/wp\/v2\/comments?post=326"}],"version-history":[{"count":17,"href":"https:\/\/association-lacblanc.org\/index.php\/wp-json\/wp\/v2\/pages\/326\/revisions"}],"predecessor-version":[{"id":2936,"href":"https:\/\/association-lacblanc.org\/index.php\/wp-json\/wp\/v2\/pages\/326\/revisions\/2936"}],"wp:attachment":[{"href":"https:\/\/association-lacblanc.org\/index.php\/wp-json\/wp\/v2\/media?parent=326"}],"curies":[{"name":"wp","href":"https:\/\/api.w.org\/{rel}","templated":true}]}}