{"id":2895,"date":"2022-05-29T07:53:57","date_gmt":"2022-05-29T11:53:57","guid":{"rendered":"https:\/\/association-lacblanc.org\/?page_id=2895"},"modified":"2022-05-30T12:06:27","modified_gmt":"2022-05-30T16:06:27","slug":"station-de-lavage","status":"publish","type":"page","link":"https:\/\/association-lacblanc.org\/index.php\/station-de-lavage\/","title":{"rendered":"Station de lavage"},"content":{"rendered":"\n<p class=\"has-text-align-center\"><strong>Station de lavage d&#8217;embarcation<\/strong> <strong>de la municipalit\u00e9 de St-Ubalde<\/strong><\/p>\n\n\n\n<p>La station de lavage d&#8217;embarcation est implant\u00e9e au garage municipal situ\u00e9 au 340, rue Saint-Paul et est en fonction depuis le <strong>13 mai 2022 jusqu&rsquo;au 2 septembre<\/strong>, inclusivement. <br>Sur rendez-vous seulement Voici l&rsquo;horaire pour les lavages : <br>Lundi au jeudi : 8 h \u00e0 12 h et de 13 h \u00e0 16 h <br>Vendredi : 8 h \u00e0 12 h et de 13 h \u00e0 20 h <br>Samedi et dimanche : 8 h \u00e0 16 h <br>Pour prendre rendez-vous, veuillez t\u00e9l\u00e9phoner au moins 30 minutes \u00e0 l&rsquo;avance au <strong>418 285- 9771<\/strong>. <br><strong>Le paiement se fait en argent comptant seulement. Merci de votre compr\u00e9hension.<\/strong><br><br><strong>Certificat de lavage.<\/strong><br><br> Prix par embarcation\u00a0: Non motoris\u00e9 (5 $) Motoris\u00e9e (20 $) Passe annuelle (50 $)<\/p>\n\n\n\n<p>* La passe annuelle est disponible seulement pour les r\u00e9sidents, riverain et campeur saisonnier avec quai locatif.<\/p>\n\n\n\n<p>Exemption de lavage <br>Un riverain, propri\u00e9taire d\u2019une embarcation motoris\u00e9e ou non motoris\u00e9e, qui l\u2019entrepose sur son terrain n\u2019est pas tenu de faire laver celle-ci lorsqu\u2019il la met \u00e0 l\u2019eau \u00e0 partir de ce terrain, \u00e0 moins qu\u2019elle ait \u00e9t\u00e9 utilis\u00e9e sur un autre cours d\u2019eau faisant partie ou non du territoire de la municipalit\u00e9 de Saint-Ubalde. Il doit soumettre l\u2019annexe appropri\u00e9 \u00e0 la Municipalit\u00e9 pour b\u00e9n\u00e9ficier de l\u2019exemption de lavage. \u00c0 noter, que la vignette (permis d\u2019acc\u00e8s) demeure obligatoire, malgr\u00e9 l\u2019exemption de lavage. Sur la vignette appos\u00e9e sur votre embarcation, nous devons absolument retrouver le petit collant noir d\u2019exemption de lavage ou le petit collant vert attestant que le lavage a \u00e9t\u00e9 fait \u00e0 la station de lavage.<\/p>\n","protected":false},"excerpt":{"rendered":"<p>Station de lavage d&#8217;embarcation de la municipalit\u00e9 de St-Ubalde La station de lavage d&#8217;embarcation est implant\u00e9e au garage municipal situ\u00e9 au 340, rue Saint-Paul et est en fonction depuis le 13 mai 2022 jusqu&rsquo;au 2 septembre, inclusivement. Sur rendez-vous seulement Voici l&rsquo;horaire pour les lavages : Lundi au jeudi : 8 h \u00e0 12 h&hellip; <a class=\"more-link\" href=\"https:\/\/association-lacblanc.org\/index.php\/station-de-lavage\/\">Poursuivre la lecture <span class=\"screen-reader-text\">Station de lavage<\/span><\/a><\/p>\n","protected":false},"author":1,"featured_media":0,"parent":0,"menu_order":0,"comment_status":"closed","ping_status":"closed","template":"","meta":{"footnotes":""},"class_list":["post-2895","page","type-page","status-publish","hentry","entry"],"_links":{"self":[{"href":"https:\/\/association-lacblanc.org\/index.php\/wp-json\/wp\/v2\/pages\/2895","targetHints":{"allow":["GET"]}}],"collection":[{"href":"https:\/\/association-lacblanc.org\/index.php\/wp-json\/wp\/v2\/pages"}],"about":[{"href":"https:\/\/association-lacblanc.org\/index.php\/wp-json\/wp\/v2\/types\/page"}],"author":[{"embeddable":true,"href":"https:\/\/association-lacblanc.org\/index.php\/wp-json\/wp\/v2\/users\/1"}],"replies":[{"embeddable":true,"href":"https:\/\/association-lacblanc.org\/index.php\/wp-json\/wp\/v2\/comments?post=2895"}],"version-history":[{"count":13,"href":"https:\/\/association-lacblanc.org\/index.php\/wp-json\/wp\/v2\/pages\/2895\/revisions"}],"predecessor-version":[{"id":2938,"href":"https:\/\/association-lacblanc.org\/index.php\/wp-json\/wp\/v2\/pages\/2895\/revisions\/2938"}],"wp:attachment":[{"href":"https:\/\/association-lacblanc.org\/index.php\/wp-json\/wp\/v2\/media?parent=2895"}],"curies":[{"name":"wp","href":"https:\/\/api.w.org\/{rel}","templated":true}]}}