{"id":2676,"date":"2022-04-01T07:53:23","date_gmt":"2022-04-01T11:53:23","guid":{"rendered":"https:\/\/association-lacblanc.org\/?page_id=2676"},"modified":"2025-04-18T15:52:37","modified_gmt":"2025-04-18T19:52:37","slug":"membre-corporatif","status":"publish","type":"page","link":"https:\/\/association-lacblanc.org\/index.php\/membre-corporatif\/","title":{"rendered":"Membre corporatif"},"content":{"rendered":"\n<div class=\"wp-block-group\"><div class=\"wp-block-group__inner-container is-layout-flow wp-block-group-is-layout-flow\"><\/div><\/div>\n\n\n\n<div id=\"mywrap\">\n<table style=\"border: 2pt solid red;\">\n<tbody><tr>\n<td style=\"background-color: White; text-align: center;\"><h4>Pourquoi devenir membre corporatif?<\/h4><\/td>\n<\/tr>\n<tr>\n<td style=\"background-color: Transparent;text-align: justify;\">L\u2019ARLB (Association des Riverains du Lac Blanc) est l\u2019organisme sans but lucratif qui a pour mission de pr\u00e9server la qualit\u00e9 du plan d\u2019eau principal de la municipalit\u00e9 de Saint-Ubalde et de son environnement. Nos objectifs sont les suivants&nbsp;:&nbsp;&nbsp;informer, sensibiliser et poser toute action visant \u00e0 prot\u00e9ger le Lac Blanc!<\/td>\n<\/tr>\n\n<\/tbody><\/table>\n<\/div>\n\n\n\n<p>L\u2019ARLB est tr\u00e8s engag\u00e9e dans sa mission depuis 20 ans d\u00e9j\u00e0, gr\u00e2ce \u00e0 ses b\u00e9n\u00e9voles et \u00e0 ses partenaires, et nous comptons actuellement plus de 140 propri\u00e9taires riverains au Lac Blanc, comme membres actifs, qui nous appuient dans nos actions.&nbsp;<\/p>\n\n\n\n<p>Nous faisons affaire avec les entreprises et les commerces locaux parce que nous avons \u00e0 c\u0153ur de maintenir le dynamisme de la municipalit\u00e9 de Saint-Ubalde et nous nous faisons un devoir de faire la promotion de l\u2019importance de \u00ab l\u2019achat local&nbsp;\u00bb aupr\u00e8s de nos membres. Le maintien d\u2019un Lac Blanc en sant\u00e9 b\u00e9n\u00e9ficie donc \u00e0 toute la communaut\u00e9 de Saint-Ubalde!<\/p>\n\n\n\n<div id=\"mywrap\">\n<table style=\"border: 2pt solid Red;\">\n<tbody><tr>\n<td style=\"background-color: White; text-align: center;\"><h4>Qui peut devenir membre corporatif?<\/h4><\/td>\n<\/tr>\n<tr>\n<td style=\"background-color: Transparent;text-align: justify;\">\n<center>(Extrait des R\u00e8glements g\u00e9n\u00e9raux)<\/center><br>\nToute personne physique qui r\u00e9pond aux exigences suivantes&nbsp;:<br>\n<ul>\n<li>Poss\u00e9der des int\u00e9r\u00eats commerciaux au Lac Blanc et offrir des services aux riverains<\/li>\n<li>Adh\u00e9rer \u00e0 la mission et aux objectifs de l\u2019Association<\/li>\n<li>Avoir compl\u00e9t\u00e9 un formulaire d\u2019adh\u00e9sion et pay\u00e9 sa cotisation annuelle de membre corporatif<\/li><\/ul> &nbsp; (Note : Un membre corporatif a le droit de vote aux assembl\u00e9es g\u00e9n\u00e9rales)\n<\/td>\n<\/tr>\n\n<\/tbody><\/table>\n<\/div>\n\n\n\n<p>Nous remercions les membres corporatifs qui nous renouvellent leur confiance et souhaitons la bienvenue \u00e0 ceux qui se joignent \u00e0 nous.&nbsp; Votre contribution est tr\u00e8s importante pour la bonne marche de notre association.<\/p>\n\n\n\n<h3 class=\"wp-block-heading\">Cotisation annuelle 2025<\/h3>\n\n\n\n<p>La cotisation des&nbsp;<strong>membres corporatifs<\/strong>&nbsp;couvre l\u2019ann\u00e9e financi\u00e8re de l\u2019Association qui est du 1<sup>er<\/sup>&nbsp;mai au 30 avril de l\u2019ann\u00e9e suivante.<br>Membre corporatif : 100$ pour 2025<\/p>\n\n\n\n<p>NOUVEAU MEMBRE ?<br>Compl\u00e9tez le formulaire de votre choix&nbsp;<strong>(format PDF ou version \u00e9lectronique)<\/strong>&nbsp;et passez au mode de paiement d\u00e9sir\u00e9.<\/p>\n\n\n\n<p>D\u00c9J\u00c0 MEMBRE ? <br>Vos coordonn\u00e9es sont les m\u00eames ? (adresse courriel, adresse de correspondance, etc.)&nbsp;<strong>Rien de plus simple :<\/strong> <strong>passez directement au mode de paiement d\u00e9sir\u00e9.<\/strong><\/p>\n\n\n\n<p>Il y a eu des changements dans vos coordonn\u00e9es ?<br>Compl\u00e9tez le formulaire de votre choix<strong>&nbsp;(format PDF ou version \u00e9lectronique)&nbsp;<\/strong>et passez au mode de paiement d\u00e9sir\u00e9.<\/p>\n\n\n\n<h3 class=\"wp-block-heading\">Comment renouveler votre adh\u00e9sion ?<br>Cinq options de paiement s\u2019offrent \u00e0 vous<\/h3>\n\n\n\n<div id=\"mywrap\">\n\n<div>\n<div class=\"choices\">\n    <div class=\"clicker\" tabindex=\"1\"><h4>VIREMENT INTERAC<\/h4><\/div>\n    <div class=\"hiddendiv\"><h5><br>Choisir adresse courriel du destinataire : <b>arlacblanc@gmail.com<\/b><br>Aucune question\/r\u00e9ponse de s\u00e9curit\u00e9 requise pour les membres Desjardins. Pour les autres (banques), peu importe la r\u00e9ponse de s\u00e9curit\u00e9, le virement se fait automatiquement.\n<\/div><\/div>\n<br>\n<div>\n<div class=\"choices\">\n    <div class=\"clicker\" tabindex=\"1\"><h4>VIREMENT ENTRE PERSONNES DESJARDINS<\/h4><\/div>\n    <div class=\"hiddendiv\"><h5><br>No transit: <b>20085<\/b><br>No institution: <b>815<\/b><br>Folio: <b>4771267<\/b><\/h5><br><\/div>\n<\/div><\/div>\n<br>\n<div>\n<div class=\"choices\">\n    <div class=\"clicker\" tabindex=\"1\"><h4>PAR LA POSTE<\/h4><\/div>\n    <div class=\"hiddendiv\"><h5><br>Faire parvenir votre ch\u00e8que ainsi que le formulaire d\u2019adh\u00e9sion :<br><br>\nAssociation des Riverains du Lac Blanc <br>\nC.P. 1501, St-Ubalde (Qu\u00e9bec) G0A 4L0<\/h5><br><\/div>\n<\/div><\/div>\n<br>\n\n\n<div>\n<div class=\"choices\">\n    <div class=\"clicker\" tabindex=\"1\"><h4>\u00c0 L\u2019ASSEMBL\u00c9E G\u00c9N\u00c9RALE ANNUELLE<\/h4><\/div>\n    <div class=\"hiddendiv\"><h5><br>Lors de l\u2019assembl\u00e9e g\u00e9n\u00e9rale annuelle, vous pouvez payer par ch\u00e8que ou en argent \u00e0 la personne \u00e0 l\u2019entr\u00e9e de la salle.<\/h5><br><\/div>\n<\/div><\/div>\n<br>\n\n<div>\n<div class=\"choices\">\n    <div class=\"clicker\" tabindex=\"1\"><h4>\u00c0 UN ADMINISTRATEUR<\/h4><\/div>\n    <div class=\"hiddendiv\"><h5><br>Communiquez avec un des administrateurs de notre conseil d\u2019administration qui se fera un plaisir d\u2019aller vous rencontrer et recueillir votre paiement.<\/h5><br><\/div>\n<\/div><\/div>\n\n\n<\/div>\n\n\n\n<p><\/p>\n\n\n\n<div class=\"wp-block-buttons is-layout-flex wp-block-buttons-is-layout-flex\">\n<div class=\"wp-block-button has-custom-width wp-block-button__width-100\"><a class=\"wp-block-button__link has-black-color has-red-background-color has-text-color has-background wp-element-button\" href=\"https:\/\/association-lacblanc.org\/index.php\/formulaire-corporatif-en-ligne\/\" style=\"border-radius:21px\" target=\"_blank\" rel=\"noreferrer noopener\">FORMULAIRE MEMBRE CORPORATIF &#8211; EN LIGNE<\/a><\/div>\n<\/div>\n\n\n\n<p><\/p>\n\n\n\n<div class=\"wp-block-buttons is-layout-flex wp-block-buttons-is-layout-flex\">\n<div class=\"wp-block-button has-custom-width wp-block-button__width-100\"><a class=\"wp-block-button__link has-black-color has-red-background-color has-text-color has-background wp-element-button\" href=\"https:\/\/association-lacblanc.org\/wp-content\/uploads\/2022\/04\/Formcorp22.pdf\" style=\"border-radius:21px\">T\u00c9L\u00c9CHARGER LE FORMULAIRE PDF<\/a><\/div>\n<\/div>\n\n\n\n<p>En devenant membre corporatif, vous recevrez toutes les communications aux membres et vous vous assurerez d&rsquo;une participation avec droit de vote aux assembl\u00e9es g\u00e9n\u00e9rales. Nous proposons \u00e0 nos membres corporatifs une visibilit\u00e9 sur nos pr\u00e9sentoirs ainsi que sur notre site web (dans la section Partenaires) et des publicit\u00e9s par communiqu\u00e9s aux riverains ou via notre page Facebook lorsque l\u2019opportunit\u00e9 se pr\u00e9sente.<\/p>\n\n\n\n<p>Si vous ne souhaitez pas adh\u00e9rer comme membre corporatif, sachez qu\u2019il est aussi possible de nous soutenir autrement, c\u2019est-\u00e0-dire par une contribution volontaire comme partenaire-commanditaire en r\u00e9servant un espace carte d\u2019affaire sur notre site web pour un montant minimal de 50$. Toutes les informations sous l&rsquo;onglet  COMMANDITAIRE de la page d&rsquo;accueil. Toutes les contributions comptent pour nous, pour la protection du lac Blanc !<\/p>\n\n\n\n<p><strong>C\u2019est ENSEMBLE que nous pouvons faire une diff\u00e9rence et ainsi prot\u00e9ger notre pr\u00e9cieux patrimoine : nos lacs et leur environnement, nos propri\u00e9t\u00e9s et nos commerces locaux !<\/strong><\/p>\n","protected":false},"excerpt":{"rendered":"<p>Pourquoi devenir membre corporatif? L\u2019ARLB (Association des Riverains du Lac Blanc) est l\u2019organisme sans but lucratif qui a pour mission de pr\u00e9server la qualit\u00e9 du plan d\u2019eau principal de la municipalit\u00e9 de Saint-Ubalde et de son environnement. Nos objectifs sont les suivants&nbsp;:&nbsp;&nbsp;informer, sensibiliser et poser toute action visant \u00e0 prot\u00e9ger le Lac Blanc! L\u2019ARLB est&hellip; <a class=\"more-link\" href=\"https:\/\/association-lacblanc.org\/index.php\/membre-corporatif\/\">Poursuivre la lecture <span class=\"screen-reader-text\">Membre corporatif<\/span><\/a><\/p>\n","protected":false},"author":1,"featured_media":0,"parent":0,"menu_order":0,"comment_status":"closed","ping_status":"closed","template":"","meta":{"footnotes":""},"class_list":["post-2676","page","type-page","status-publish","hentry","entry"],"_links":{"self":[{"href":"https:\/\/association-lacblanc.org\/index.php\/wp-json\/wp\/v2\/pages\/2676","targetHints":{"allow":["GET"]}}],"collection":[{"href":"https:\/\/association-lacblanc.org\/index.php\/wp-json\/wp\/v2\/pages"}],"about":[{"href":"https:\/\/association-lacblanc.org\/index.php\/wp-json\/wp\/v2\/types\/page"}],"author":[{"embeddable":true,"href":"https:\/\/association-lacblanc.org\/index.php\/wp-json\/wp\/v2\/users\/1"}],"replies":[{"embeddable":true,"href":"https:\/\/association-lacblanc.org\/index.php\/wp-json\/wp\/v2\/comments?post=2676"}],"version-history":[{"count":63,"href":"https:\/\/association-lacblanc.org\/index.php\/wp-json\/wp\/v2\/pages\/2676\/revisions"}],"predecessor-version":[{"id":3906,"href":"https:\/\/association-lacblanc.org\/index.php\/wp-json\/wp\/v2\/pages\/2676\/revisions\/3906"}],"wp:attachment":[{"href":"https:\/\/association-lacblanc.org\/index.php\/wp-json\/wp\/v2\/media?parent=2676"}],"curies":[{"name":"wp","href":"https:\/\/api.w.org\/{rel}","templated":true}]}}