{"id":208,"date":"2014-10-15T13:27:40","date_gmt":"2014-10-15T12:27:40","guid":{"rendered":"http:\/\/association-lacblanc.org\/index.php\/signalement-algue-bleu-vert\/"},"modified":"2014-10-15T13:27:40","modified_gmt":"2014-10-15T12:27:40","slug":"signalement-algue-bleu-vert","status":"publish","type":"page","link":"https:\/\/association-lacblanc.org\/index.php\/signalement-algue-bleu-vert\/","title":{"rendered":"Signalement algue bleu-vert"},"content":{"rendered":"<p>&nbsp;<\/p>\n<p>Voici ce que dit le site \u00e0 la question 13 : Signalement et proc\u00e9dures<\/p>\n<p><strong><strong>Q13 <\/strong>: Que dois-je faire si je pense \u00eatre en pr\u00e9sence d\u2019une fleur d\u2019eau d\u2019algues bleu-vert?<\/strong><\/p>\n<p>Toute personne qui suspecte la pr\u00e9sence d\u2019une fleur d\u2019eau est invit\u00e9e \u00e0 rapporter cette situation\u00a0sans d\u00e9lai \u00e0 la direction r\u00e9gionale concern\u00e9e du Minist\u00e8re, de l\u2019une des fa\u00e7ons suivantes :<\/p>\n<p><strong>En tout temps<\/strong> : en remplissant le formulaire de constat visuel et en le transmettant par t\u00e9l\u00e9copieur\u00a0ou par courriel \u00e0 la direction r\u00e9gionale du Minist\u00e8re;<\/p>\n<p><strong>Durant les heures d\u2019ouverture<\/strong> : en t\u00e9l\u00e9phonant \u00e0 la direction r\u00e9gionale du Minist\u00e8re et en demandant\u00a0\u00e0 parler au responsable du dossier des cyanobact\u00e9ries;<\/p>\n<p><strong>En dehors des heures d\u2019ouverture<\/strong> : en contactant Urgence-Environnement au 1 866 694-5454<strong>.<\/strong><\/p>\n<p>Vous pouvez \u00e9galement consulter les recommandations g\u00e9n\u00e9rales de sant\u00e9 publique du MSSS qui indiquent\u00a0les pr\u00e9cautions \u00e0 prendre dans de telles circonstances.<\/p>\n<p>Renseignements sur le site du minist\u00e8re.<\/p>\n<p>Voici l&rsquo;adresse du site\u00a0:<\/p>\n<p><a href=\"http:\/\/www.mddelcc.gouv.qc.ca\/eau\/flrivlac\/questions.htm#q13\">http:\/\/www.mddelcc.gouv.qc.ca\/eau\/flrivlac\/questions.htm#q13<\/a><\/p>\n<p>Personne ressource:<\/p>\n<p><a href=\"mailto:jean-michel.gouin@mddelcc.gouv.qc.ca\">jean-michel.gouin@mddelcc.gouv.qc.ca<\/a><\/p>\n<p>Capitale-Nationale et Chaudi\u00e8re-Appalaches<\/p>\n<p>Qu\u00e9bec<\/p>\n<p>1175, boulevard Lebourgneuf, bureau 100<\/p>\n<p>Qu\u00e9bec (Qu\u00e9bec) G2K 0B7<\/p>\n<p>T\u00e9l\u00e9phone : 418 644-8844<\/p>\n<p>T\u00e9l\u00e9copieur : 418 646-1214<\/p>\n<p>Courriel : <a href=\"mailto:capitale-nationale@mddelcc.gouv.qc.ca\">capitale-nationale@mddelcc.gouv.qc.ca<\/a><\/p>\n<p>Note : Il est important que votre association soit inform\u00e9e des signalements que vous faites.<\/p>\n<p>Cliquez sur ce lien : <a href=\"mailto:ass.riverain.lac_blanc@globetrotter.net\">ass.riverain.lac_blanc@globetrotter.net<\/a><\/p>\n","protected":false},"excerpt":{"rendered":"<p>&nbsp; Voici ce que dit le site \u00e0 la question 13 : Signalement et proc\u00e9dures Q13 : Que dois-je faire si je pense \u00eatre en pr\u00e9sence d\u2019une fleur d\u2019eau d\u2019algues bleu-vert? Toute personne qui suspecte la pr\u00e9sence d\u2019une fleur d\u2019eau est invit\u00e9e \u00e0 rapporter cette situation\u00a0sans d\u00e9lai \u00e0 la direction r\u00e9gionale concern\u00e9e du Minist\u00e8re, de&hellip; <a class=\"more-link\" href=\"https:\/\/association-lacblanc.org\/index.php\/signalement-algue-bleu-vert\/\">Poursuivre la lecture <span class=\"screen-reader-text\">Signalement algue bleu-vert<\/span><\/a><\/p>\n","protected":false},"author":1,"featured_media":237,"parent":0,"menu_order":2,"comment_status":"closed","ping_status":"closed","template":"","meta":{"footnotes":""},"class_list":["post-208","page","type-page","status-publish","has-post-thumbnail","hentry","entry"],"_links":{"self":[{"href":"https:\/\/association-lacblanc.org\/index.php\/wp-json\/wp\/v2\/pages\/208","targetHints":{"allow":["GET"]}}],"collection":[{"href":"https:\/\/association-lacblanc.org\/index.php\/wp-json\/wp\/v2\/pages"}],"about":[{"href":"https:\/\/association-lacblanc.org\/index.php\/wp-json\/wp\/v2\/types\/page"}],"author":[{"embeddable":true,"href":"https:\/\/association-lacblanc.org\/index.php\/wp-json\/wp\/v2\/users\/1"}],"replies":[{"embeddable":true,"href":"https:\/\/association-lacblanc.org\/index.php\/wp-json\/wp\/v2\/comments?post=208"}],"version-history":[{"count":0,"href":"https:\/\/association-lacblanc.org\/index.php\/wp-json\/wp\/v2\/pages\/208\/revisions"}],"wp:featuredmedia":[{"embeddable":true,"href":"https:\/\/association-lacblanc.org\/index.php\/wp-json\/wp\/v2\/media\/237"}],"wp:attachment":[{"href":"https:\/\/association-lacblanc.org\/index.php\/wp-json\/wp\/v2\/media?parent=208"}],"curies":[{"name":"wp","href":"https:\/\/api.w.org\/{rel}","templated":true}]}}