{"id":207,"date":"2014-02-21T20:43:16","date_gmt":"2014-02-21T19:43:16","guid":{"rendered":"http:\/\/association-lacblanc.org\/index.php\/etudes-lac-blanc\/"},"modified":"2023-08-20T15:33:12","modified_gmt":"2023-08-20T19:33:12","slug":"etudes-lac-blanc","status":"publish","type":"page","link":"https:\/\/association-lacblanc.org\/index.php\/etudes-lac-blanc\/","title":{"rendered":"\u00c9tudes Lac Blanc"},"content":{"rendered":"<div style=\"text-align: center;\">\n<p><a href=\"https:\/\/association-lacblanc.org\/wp-content\/uploads\/2023\/08\/Dossier-Bernaches-2022.pdf\">Dossier Bernaches 2022<\/a><br \/><a href=\"https:\/\/association-lacblanc.org\/wp-content\/uploads\/2023\/06\/2023-06-17-Power-Point-sur-caracterisation-des-bandes-riveraines-au-Lac-Blanc.pdf\">Caract\u00e9risation des bandes riveraines 2022<\/a><br \/><a href=\"https:\/\/association-lacblanc.org\/wp-content\/uploads\/2023\/06\/2023-Vegetaux-a-privilegier-pour-revegetalisation-des-bandes-riveraines.pdf\">V\u00e9g\u00e9taux \u00e0 privil\u00e9gier en 2023<\/a><br \/><a href=\"https:\/\/association-lacblanc.org\/wp-content\/uploads\/2023\/06\/CARNET-DES-PLANTES.pdf\">Carnet des plantes aquatiques<\/a><br \/><a href=\"https:\/\/association-lacblanc.org\/wp-content\/uploads\/2023\/08\/Capacite-portante-lac-Blanc-avril-2023.pdf\">\u00c9tude sur la capacit\u00e9 portante 2023<\/a><br \/><a href=\"https:\/\/association-lacblanc.org\/\/wp-content\/uploads\/2018\/03\/2018-Plan-densemble-LACS-ST-UBALDE.pdf\">Plan d&rsquo;ensemble des lacs de vill\u00e9giature de St-Ubalde &#8211; Portrait et diagnostic, (d\u00e9cembre 2017)<\/a><br \/><a href=\"https:\/\/association-lacblanc.org\/\/index.php\/guide-riverain-lac-blanc\/\">Guide du riverain 2017<\/a><a href=\"https:\/\/association-lacblanc.org\/\/wp-content\/uploads\/2014\/02\/pdf_instal.septique2.pdf\"><br \/>Inventaire des installations septiques individuelles (janvier 2010)<\/a><br \/><a href=\"https:\/\/association-lacblanc.org\/\/wp-content\/uploads\/2014\/02\/pdf_prsentation_3aot_2008.pdf\">Protection des lacs et restauration des rives (3 ao\u00fbt 2008)<\/a><br \/><a href=\"https:\/\/association-lacblanc.org\/\/wp-content\/uploads\/2014\/02\/pdf_capacit-support-lacblanc.pdf\">\u00c9valuation de la capacit\u00e9 de support lac Blanc (mars 2006)<\/a><br \/><a href=\"https:\/\/association-lacblanc.org\/\/wp-content\/uploads\/2014\/02\/pdf_rapport-diagnose-blanc.pdf\">Rapport diagnose \u00e9cologique lac Blanc (mars 2006)<\/a><\/p>\n<\/div>\n\n\n<p><\/p>\n","protected":false},"excerpt":{"rendered":"<p>Dossier Bernaches 2022Caract\u00e9risation des bandes riveraines 2022V\u00e9g\u00e9taux \u00e0 privil\u00e9gier en 2023Carnet des plantes aquatiques\u00c9tude sur la capacit\u00e9 portante 2023Plan d&rsquo;ensemble des lacs de vill\u00e9giature de St-Ubalde &#8211; Portrait et diagnostic, (d\u00e9cembre 2017)Guide du riverain 2017Inventaire des installations septiques individuelles (janvier 2010)Protection des lacs et restauration des rives (3 ao\u00fbt 2008)\u00c9valuation de la capacit\u00e9 de support&hellip; <a class=\"more-link\" href=\"https:\/\/association-lacblanc.org\/index.php\/etudes-lac-blanc\/\">Poursuivre la lecture <span class=\"screen-reader-text\">\u00c9tudes Lac Blanc<\/span><\/a><\/p>\n","protected":false},"author":1,"featured_media":2657,"parent":0,"menu_order":3,"comment_status":"closed","ping_status":"closed","template":"","meta":{"footnotes":""},"class_list":["post-207","page","type-page","status-publish","has-post-thumbnail","hentry","entry"],"_links":{"self":[{"href":"https:\/\/association-lacblanc.org\/index.php\/wp-json\/wp\/v2\/pages\/207","targetHints":{"allow":["GET"]}}],"collection":[{"href":"https:\/\/association-lacblanc.org\/index.php\/wp-json\/wp\/v2\/pages"}],"about":[{"href":"https:\/\/association-lacblanc.org\/index.php\/wp-json\/wp\/v2\/types\/page"}],"author":[{"embeddable":true,"href":"https:\/\/association-lacblanc.org\/index.php\/wp-json\/wp\/v2\/users\/1"}],"replies":[{"embeddable":true,"href":"https:\/\/association-lacblanc.org\/index.php\/wp-json\/wp\/v2\/comments?post=207"}],"version-history":[{"count":12,"href":"https:\/\/association-lacblanc.org\/index.php\/wp-json\/wp\/v2\/pages\/207\/revisions"}],"predecessor-version":[{"id":3481,"href":"https:\/\/association-lacblanc.org\/index.php\/wp-json\/wp\/v2\/pages\/207\/revisions\/3481"}],"wp:featuredmedia":[{"embeddable":true,"href":"https:\/\/association-lacblanc.org\/index.php\/wp-json\/wp\/v2\/media\/2657"}],"wp:attachment":[{"href":"https:\/\/association-lacblanc.org\/index.php\/wp-json\/wp\/v2\/media?parent=207"}],"curies":[{"name":"wp","href":"https:\/\/api.w.org\/{rel}","templated":true}]}}