{"id":1506,"date":"2021-08-01T10:09:46","date_gmt":"2021-08-01T14:09:46","guid":{"rendered":"http:\/\/170.249.38.144\/lacb\/?page_id=1506"},"modified":"2022-05-30T11:26:37","modified_gmt":"2022-05-30T15:26:37","slug":"reglement-municipal-242","status":"publish","type":"page","link":"https:\/\/association-lacblanc.org\/index.php\/reglement-municipal-242\/","title":{"rendered":"R\u00e8glement municipal #242"},"content":{"rendered":"\n<p><br><br><strong>R\u00c8GLEMENT MUNICIPAL Num\u00e9ro 242 \u2013 Relatif \u00e0 la conservation des lacs de Saint-Ubalde<\/strong><br><br>En lien avec les mesures pr\u00e9ventives initi\u00e9es ces derni\u00e8res ann\u00e9es et apr\u00e8s consultation avec les associations des lacs, la municipalit\u00e9 de Saint-Ubalde a adopt\u00e9 le 18 janvier 2021 un r\u00e8glement visant \u00e0 prot\u00e9ger la qualit\u00e9 de ses plans d\u2019eau.<br><br>Le 26 avril 2021, la municipalit\u00e9 de Saint-Ubalde mettait en place des mesures pour pr\u00e9venir l\u2019envahissement des lacs par des esp\u00e8ces exotiques envahissantes, qui s\u2019accentue au Qu\u00e9bec. Ce r\u00e8glement a pour but d\u2019identifier les embarcations qui acc\u00e8dent aux lacs et d\u2019imposer aux utilisateurs de ces embarcations un lavage obligatoire avant toute mise \u00e0 l\u2019eau.<br><br>Si vous avez l\u2019intention d\u2019utiliser une embarcation sur un ou plusieurs lacs de la municipalit\u00e9, vous devez vous conformer \u00e0 la r\u00e9glementation municipale concernant la protection et la conservation des lacs <a rel=\"noreferrer noopener\" href=\"https:\/\/association-lacblanc.org\/\/wp-content\/uploads\/2021\/08\/Reglement-242-2021.pdf\" target=\"_blank\">(R\u00e8glement #242<\/a><\/p>\n\n\n\n<p><strong>Contravention&nbsp;<\/strong><\/p>\n\n\n\n<p>Quiconque contrevient \u00e0 l&rsquo;une des disposition du R\u00e8glement 242 commet une infraction et est passible d&rsquo;une amende&nbsp; de 500 $ pour une premi\u00e8re infraction et 1000 $ en cas de r\u00e9cidive&nbsp;<\/p>\n\n\n\n<p><strong>Application du R\u00e8glement municipal Num\u00e9ro 242<\/strong> Relatif \u00e0 la conservation des lacs de Saint-Ubalde<br><br>Afin de comprendre les enjeux reli\u00e9s au R\u00e8glement 242 et de r\u00e9pondre \u00e0 vos interrogations, n\u2019h\u00e9sitez pas \u00e0 consulter la Foire aux questions (FAQ) qui a \u00e9t\u00e9 r\u00e9alis\u00e9e en partenariat avec les Associations de riverains et la Municipalit\u00e9.<br><br>Pour y acc\u00e9der <a rel=\"noreferrer noopener\" href=\"https:\/\/association-lacblanc.org\/\/wp-content\/uploads\/2021\/08\/R242-Foire_Aux_Questions.pdf\" target=\"_blank\">Foire aux questions<\/a><br><br>Pour d\u2019autres questions, vous pouvez communiquer avec la municipalit\u00e9 au 418-277-2124 poste 101 ou par courriel: <a rel=\"noreferrer noopener\" href=\"mailto:info@saintubalde.com\" data-type=\"mailto\" target=\"_blank\">mailto:info@saintubalde.com<\/a><br><\/p>\n","protected":false},"excerpt":{"rendered":"<p>R\u00c8GLEMENT MUNICIPAL Num\u00e9ro 242 \u2013 Relatif \u00e0 la conservation des lacs de Saint-Ubalde En lien avec les mesures pr\u00e9ventives initi\u00e9es ces derni\u00e8res ann\u00e9es et apr\u00e8s consultation avec les associations des lacs, la municipalit\u00e9 de Saint-Ubalde a adopt\u00e9 le 18 janvier 2021 un r\u00e8glement visant \u00e0 prot\u00e9ger la qualit\u00e9 de ses plans d\u2019eau. Le 26 avril&hellip; <a class=\"more-link\" href=\"https:\/\/association-lacblanc.org\/index.php\/reglement-municipal-242\/\">Poursuivre la lecture <span class=\"screen-reader-text\">R\u00e8glement municipal #242<\/span><\/a><\/p>\n","protected":false},"author":1,"featured_media":0,"parent":0,"menu_order":0,"comment_status":"closed","ping_status":"closed","template":"","meta":{"footnotes":""},"class_list":["post-1506","page","type-page","status-publish","hentry","entry"],"_links":{"self":[{"href":"https:\/\/association-lacblanc.org\/index.php\/wp-json\/wp\/v2\/pages\/1506","targetHints":{"allow":["GET"]}}],"collection":[{"href":"https:\/\/association-lacblanc.org\/index.php\/wp-json\/wp\/v2\/pages"}],"about":[{"href":"https:\/\/association-lacblanc.org\/index.php\/wp-json\/wp\/v2\/types\/page"}],"author":[{"embeddable":true,"href":"https:\/\/association-lacblanc.org\/index.php\/wp-json\/wp\/v2\/users\/1"}],"replies":[{"embeddable":true,"href":"https:\/\/association-lacblanc.org\/index.php\/wp-json\/wp\/v2\/comments?post=1506"}],"version-history":[{"count":3,"href":"https:\/\/association-lacblanc.org\/index.php\/wp-json\/wp\/v2\/pages\/1506\/revisions"}],"predecessor-version":[{"id":2917,"href":"https:\/\/association-lacblanc.org\/index.php\/wp-json\/wp\/v2\/pages\/1506\/revisions\/2917"}],"wp:attachment":[{"href":"https:\/\/association-lacblanc.org\/index.php\/wp-json\/wp\/v2\/media?parent=1506"}],"curies":[{"name":"wp","href":"https:\/\/api.w.org\/{rel}","templated":true}]}}