{"id":143,"date":"2010-02-15T15:55:45","date_gmt":"2010-02-15T14:55:45","guid":{"rendered":"http:\/\/association-lacblanc.org\/index.php\/qualite-de-leau\/"},"modified":"2021-08-24T10:14:18","modified_gmt":"2021-08-24T14:14:18","slug":"qualite-de-leau","status":"publish","type":"page","link":"https:\/\/association-lacblanc.org\/index.php\/qualite-de-leau\/","title":{"rendered":"Test qualit\u00e9 eau"},"content":{"rendered":"<p style=\"text-align: left;\" align=\"center\"><strong>QUALIT\u00c9 DE L\u2019EAU DU LAC BLANC<\/strong><\/p>\n<p>L\u2019Association des Riverains du Lac Blanc fait partie du \u00abR\u00e9seau de surveillance volontaire des lacs\u00bb (RSVL), une organisation mandataire du minist\u00e8re du D\u00e9veloppement durable, de l\u2019Environnement et de la Lutte aux changements climatiques (MDDELCC). Nous nous assurons de suivre les recommandations de cet organisme reconnu afin d\u2019avoir un portrait factuel, pr\u00e9cis et comparable de la qualit\u00e9 des eaux du Lac Blanc.<\/p>\n<p>Pour en \u00e9valuer la qualit\u00e9, deux m\u00e9thodes sont utilis\u00e9es&nbsp;: la premi\u00e8re consiste \u00e0 identifier le niveau de transparence de l\u2019eau et la seconde, certaines propri\u00e9t\u00e9s physico-chimiques de l\u2019eau. Les donn\u00e9es recueillies sont compil\u00e9es, mises en tableau et analys\u00e9es sur le site du minist\u00e8re du MDDELCC. Il est \u00e9galement possible de suivre non seulement l\u2019\u00e9volution des eaux du Lac Blanc mais celles d\u2019autres lacs.<\/p>\n<p>Tout les lacs inscrit au RSVL: <a href=\"http:\/\/www.environnement.gouv.qc.ca\/eau\/rsvl\/relais\/index.asp\">http:\/\/www.environnement.gouv.qc.ca\/eau\/rsvl\/relais\/index.asp<\/a><\/p>\n<h5><span style=\"color: #ff0000;\"><strong>Lac Blanc:<\/strong><\/span><br \/>\n<a href=\"http:\/\/www.environnement.gouv.qc.ca\/eau\/rsvl\/relais\/rsvl_details.asp?fiche=180\">http:\/\/www.environnement.gouv.qc.ca\/eau\/rsvl\/relais\/rsvl_details.asp?fiche=180<\/a><\/h5>\n<p>Transparence de l\u2019eau<\/p>\n<p>Les mesures de transparence sont obtenues par des observations visuelles r\u00e9alis\u00e9es par un membre de l\u2019Association plusieurs fois durant la saison estivale dans deux environnements d\u00e9limit\u00e9s&nbsp;: dans le grand bassin du Lac (station 180 A) et dans sa partie \u00e9troite (station 180 B).<\/p>\n<p>Ces mesures sont prises au moyen du \u00abdisque de Secchi\u00bb.&nbsp;Elles consistent \u00e0 laisser descendre \u00e0 l\u2019eau un disque attach\u00e9 \u00e0 une corde marqu\u00e9e \u00e0 cet effet et identifier la distance percevable par l\u2019\u0153il. Les conditions climatiques peuvent influencer les r\u00e9sultats tout comme l\u2019abondance de plancton, indice de productivit\u00e9 du Lac.<\/p>\n<p>Ces observations, ann\u00e9e apr\u00e8s ann\u00e9e, permettent de suivre l\u2019\u00e9volution de fa\u00e7on \u00e0 y d\u00e9celer les tendances, \u00e0 la hausse comme \u00e0 la baisse.<\/p>\n<p>Donn\u00e9es physico-chimiques<\/p>\n<p>Des pr\u00e9l\u00e8vements pour fins d\u2019analyse sont effectu\u00e9s par un membre de l&rsquo;Association selon un protocole et un cycle bien d\u00e9finis. L\u2019analyse physico-chimique est r\u00e9alis\u00e9e par un laboratoire mandat\u00e9 par le minist\u00e8re. Trois (3) \u00e9l\u00e9ments chimiques sont analys\u00e9s afin de caract\u00e9riser la qualit\u00e9 des eaux, et de la sorte, son niveau de vieillissement&nbsp;: il s\u2019agit du phosphore, de la &nbsp;chlorophylle a et du carbone organique dissout.<\/p>\n<p>Suivant les recommandations du RSVL, des pr\u00e9l\u00e8vements ont \u00e9t\u00e9 effectu\u00e9s en 2007, 2012, 2013 et 2014.<\/p>\n<p style=\"text-align: center;\">\n","protected":false},"excerpt":{"rendered":"<p>QUALIT\u00c9 DE L\u2019EAU DU LAC BLANC L\u2019Association des Riverains du Lac Blanc fait partie du \u00abR\u00e9seau de surveillance volontaire des lacs\u00bb (RSVL), une organisation mandataire du minist\u00e8re du D\u00e9veloppement durable, de l\u2019Environnement et de la Lutte aux changements climatiques (MDDELCC). Nous nous assurons de suivre les recommandations de cet organisme reconnu afin d\u2019avoir un portrait&hellip; <a class=\"more-link\" href=\"https:\/\/association-lacblanc.org\/index.php\/qualite-de-leau\/\">Poursuivre la lecture <span class=\"screen-reader-text\">Test qualit\u00e9 eau<\/span><\/a><\/p>\n","protected":false},"author":1,"featured_media":241,"parent":0,"menu_order":9,"comment_status":"closed","ping_status":"closed","template":"","meta":{"footnotes":""},"class_list":["post-143","page","type-page","status-publish","has-post-thumbnail","hentry","entry"],"_links":{"self":[{"href":"https:\/\/association-lacblanc.org\/index.php\/wp-json\/wp\/v2\/pages\/143","targetHints":{"allow":["GET"]}}],"collection":[{"href":"https:\/\/association-lacblanc.org\/index.php\/wp-json\/wp\/v2\/pages"}],"about":[{"href":"https:\/\/association-lacblanc.org\/index.php\/wp-json\/wp\/v2\/types\/page"}],"author":[{"embeddable":true,"href":"https:\/\/association-lacblanc.org\/index.php\/wp-json\/wp\/v2\/users\/1"}],"replies":[{"embeddable":true,"href":"https:\/\/association-lacblanc.org\/index.php\/wp-json\/wp\/v2\/comments?post=143"}],"version-history":[{"count":0,"href":"https:\/\/association-lacblanc.org\/index.php\/wp-json\/wp\/v2\/pages\/143\/revisions"}],"wp:featuredmedia":[{"embeddable":true,"href":"https:\/\/association-lacblanc.org\/index.php\/wp-json\/wp\/v2\/media\/241"}],"wp:attachment":[{"href":"https:\/\/association-lacblanc.org\/index.php\/wp-json\/wp\/v2\/media?parent=143"}],"curies":[{"name":"wp","href":"https:\/\/api.w.org\/{rel}","templated":true}]}}